{"id":691,"date":"2025-09-22T09:03:33","date_gmt":"2025-09-22T09:03:33","guid":{"rendered":"https:\/\/csumachine.com\/?post_type=product&#038;p=691"},"modified":"2025-09-22T09:03:33","modified_gmt":"2025-09-22T09:03:33","slug":"vg0110n044-%d0%b3%d1%83%d1%81%d0%b5%d0%bd%d0%b8%d1%87%d0%bd%d0%b0%d1%8f-%d1%86%d0%b5%d0%bf%d1%8c-%d1%81%d0%be%d0%bb%d1%8c-p-p-r-%d1%82%d0%b8%d0%bf-%d0%b4%d0%bb%d1%8f-%d0%b1%d1%83%d0%bb%d1%8c%d0%b4","status":"publish","type":"product","link":"https:\/\/csumachine.com\/ru\/product\/vg0110n044-%d0%b3%d1%83%d1%81%d0%b5%d0%bd%d0%b8%d1%87%d0%bd%d0%b0%d1%8f-%d1%86%d0%b5%d0%bf%d1%8c-%d1%81%d0%be%d0%bb%d1%8c-p-p-r-%d1%82%d0%b8%d0%bf-%d0%b4%d0%bb%d1%8f-%d0%b1%d1%83%d0%bb%d1%8c%d0%b4\/","title":{"rendered":"VG0110N044 \u0413\u0443\u0441\u0435\u043d\u0438\u0447\u043d\u0430\u044f \u0446\u0435\u043f\u044c \u0442\u0438\u043f\u0430 Salt P P R. \u0414\u043b\u044f \u0431\u0443\u043b\u044c\u0434\u043e\u0437\u0435\u0440\u0430 D10N"},"content":{"rendered":"<p><img fetchpriority=\"high\" decoding=\"async\" class=\"alignnone size-full wp-image-694\" src=\"https:\/\/csumachine.com\/wp-content\/uploads\/2025\/09\/D10N-LINK.png\" alt=\"\" width=\"1045\" height=\"650\" srcset=\"https:\/\/csumachine.com\/wp-content\/uploads\/2025\/09\/D10N-LINK.png 1045w, https:\/\/csumachine.com\/wp-content\/uploads\/2025\/09\/D10N-LINK-300x187.png 300w, https:\/\/csumachine.com\/wp-content\/uploads\/2025\/09\/D10N-LINK-1024x637.png 1024w, https:\/\/csumachine.com\/wp-content\/uploads\/2025\/09\/D10N-LINK-768x478.png 768w, https:\/\/csumachine.com\/wp-content\/uploads\/2025\/09\/D10N-LINK-600x373.png 600w\" sizes=\"(max-width: 1045px) 100vw, 1045px\" \/><\/p>\n<table style=\"height: 607px;\" width=\"1027\">\n<tbody>\n<tr>\n<td width=\"80\">A<\/td>\n<td width=\"115\">B<\/td>\n<td width=\"125\">C<\/td>\n<td width=\"118\">B1<\/td>\n<\/tr>\n<tr>\n<td width=\"80\">260.4<\/td>\n<td width=\"115\">80<\/td>\n<td width=\"125\">83<\/td>\n<td width=\"118\">80<\/td>\n<\/tr>\n<tr>\n<td width=\"80\">C1<\/td>\n<td width=\"115\">N<\/td>\n<td width=\"125\">M<\/td>\n<td width=\"118\">D<\/td>\n<\/tr>\n<tr>\n<td width=\"80\">83<\/td>\n<td width=\"115\">105<\/td>\n<td width=\"125\">181<\/td>\n<td width=\"118\">190<\/td>\n<\/tr>\n<tr>\n<td width=\"80\">E<\/td>\n<td width=\"115\">D1<\/td>\n<td width=\"125\">E1<\/td>\n<td width=\"118\">L<\/td>\n<\/tr>\n<tr>\n<td width=\"80\">250<\/td>\n<td width=\"115\">190<\/td>\n<td width=\"125\">250<\/td>\n<td width=\"118\">293.4<\/td>\n<\/tr>\n<tr>\n<td width=\"80\">I<\/td>\n<td width=\"115\">\u00d8R<\/td>\n<td width=\"125\">\u00d8H<\/td>\n<td width=\"118\">\u00d8G<\/td>\n<\/tr>\n<tr>\n<td width=\"80\">136<\/td>\n<td width=\"115\">95<\/td>\n<td width=\"125\">57.25<\/td>\n<td width=\"118\">90.43<\/td>\n<\/tr>\n<tr>\n<td width=\"80\">\u00d8F<\/td>\n<td width=\"115\">\u00d8T<\/td>\n<td width=\"125\">P<\/td>\n<td width=\"118\">W<\/td>\n<\/tr>\n<tr>\n<td width=\"80\">29.5<\/td>\n<td width=\"115\">30<\/td>\n<td width=\"125\">316<\/td>\n<td width=\"118\">1+1\/8\u2033-12UNF<\/td>\n<\/tr>\n<\/tbody>\n<\/table>\n<p>VG0110N044<br \/>\n\u0413\u0423\u0421\u0415\u041d\u0418\u0427\u041d\u0410\u042f \u0426\u0415\u041f\u042c \u0421\u041e\u041b\u042c \u0422\u0418\u041f P.P.R.<br \/>\n\u0421\u041e\u0412\u041c\u0415\u0421\u0422\u0418\u041c \u0421\u041e \u0421\u041b\u0415\u0414\u0423\u042e\u0429\u0418\u041c\u0418 \u0410\u0412\u0422\u041e\u041c\u041e\u0411\u0418\u041b\u042f\u041c\u0418:<br \/>\nCATERPILLAR<br \/>\nD10N 2YD-1-UP, D10N 3SK-1-UP, D1OR 3KR-1-UP, D1OR AKT-1-UP, D1OT RIG-1-UP<br \/>\n\u041f\u0415\u0420\u0415\u041a\u0420\u0415\u0421\u0422\u041d\u0410\u042f \u0421\u0421\u042b\u041b\u041a\u0410 (\u041e\u0420\u0418\u0413\u0418\u041d\u0410\u041b\u042c\u041d\u042b\u0415 \u041a\u041e\u0414\u042b):<br \/>\nBERCO<br \/>\nCR6075\/44, CR6100\/44<br \/>\nCATERPILLAR<br \/>\n6Y2059, 6Y8189, 8E7928<br \/>\nITM<br \/>\nG01100N1M00044,GO1100N1S00044<br \/>\nVPI<br \/>\nVCR6075\/44V<\/p>","protected":false},"excerpt":{"rendered":"<p>A B C B1 260.4 80 83 80 C1 N M D 83 105 181 190 E D1 E1 L 250 190 250 293.4 I \u00d8R \u00d8H \u00d8G 136 95 57.25 90.43 \u00d8F \u00d8T P W 29.5 30 316 1+1\/8&#8243;-12UNF VG0110N044 TRACK CHAIN SALT P.P.R. TYPE COMPATIBLE WITH THE FOLLOWING VEHICLES: CATERPILLAR D10N 2YD-1-UP,D10N 3SK-1-UP, [&hellip;]<\/p>","protected":false},"featured_media":693,"template":"","meta":[],"product_brand":[],"product_cat":[16,98,109,92],"product_tag":[],"class_list":{"0":"post-691","1":"product","2":"type-product","3":"status-publish","4":"has-post-thumbnail","6":"product_cat-product","7":"product_cat-bulldozer","8":"product_cat-caterpillar","9":"product_cat-undercarriage-parts","11":"first","12":"instock","13":"shipping-taxable","14":"product-type-simple"},"yoast_head":"<!-- This site is optimized with the Yoast SEO plugin v25.9 - https:\/\/yoast.com\/wordpress\/plugins\/seo\/ -->\n<title>VG0110N044 Track Chain Salt P P R. Type For D10N Bulldozer - csumachine.com<\/title>\n<meta name=\"robots\" content=\"index, follow, max-snippet:-1, max-image-preview:large, max-video-preview:-1\" \/>\n<link rel=\"canonical\" href=\"https:\/\/csumachine.com\/ru\/product\/vg0110n044-\u0433\u0443\u0441\u0435\u043d\u0438\u0447\u043d\u0430\u044f-\u0446\u0435\u043f\u044c-\u0441\u043e\u043b\u044c-p-p-r-\u0442\u0438\u043f-\u0434\u043b\u044f-\u0431\u0443\u043b\u044c\u0434\/\" \/>\n<meta property=\"og:locale\" content=\"ru_RU\" \/>\n<meta property=\"og:type\" content=\"article\" \/>\n<meta property=\"og:title\" content=\"VG0110N044 Track Chain Salt P P R. Type For D10N Bulldozer - csumachine.com\" \/>\n<meta property=\"og:description\" content=\"A B C B1 260.4 80 83 80 C1 N M D 83 105 181 190 E D1 E1 L 250 190 250 293.4 I \u00d8R \u00d8H \u00d8G 136 95 57.25 90.43 \u00d8F \u00d8T P W 29.5 30 316 1+1\/8&#8243;-12UNF VG0110N044 TRACK CHAIN SALT P.P.R. TYPE COMPATIBLE WITH THE FOLLOWING VEHICLES: CATERPILLAR D10N 2YD-1-UP,D10N 3SK-1-UP, [&hellip;]\" \/>\n<meta property=\"og:url\" content=\"https:\/\/csumachine.com\/ru\/product\/vg0110n044-\u0433\u0443\u0441\u0435\u043d\u0438\u0447\u043d\u0430\u044f-\u0446\u0435\u043f\u044c-\u0441\u043e\u043b\u044c-p-p-r-\u0442\u0438\u043f-\u0434\u043b\u044f-\u0431\u0443\u043b\u044c\u0434\/\" \/>\n<meta property=\"og:site_name\" content=\"csumachine.com\" \/>\n<meta property=\"og:image\" content=\"https:\/\/csumachine.com\/wp-content\/uploads\/2025\/09\/D10-link.jpg\" \/>\n\t<meta property=\"og:image:width\" content=\"750\" \/>\n\t<meta property=\"og:image:height\" content=\"750\" \/>\n\t<meta property=\"og:image:type\" content=\"image\/jpeg\" \/>\n<meta name=\"twitter:card\" content=\"summary_large_image\" \/>\n<meta name=\"twitter:label1\" content=\"\u041f\u0440\u0438\u043c\u0435\u0440\u043d\u043e\u0435 \u0432\u0440\u0435\u043c\u044f \u0434\u043b\u044f \u0447\u0442\u0435\u043d\u0438\u044f\" \/>\n\t<meta name=\"twitter:data1\" content=\"1 \u043c\u0438\u043d\u0443\u0442\u0430\" \/>\n<script type=\"application\/ld+json\" class=\"yoast-schema-graph\">{\"@context\":\"https:\/\/schema.org\",\"@graph\":[{\"@type\":\"WebPage\",\"@id\":\"https:\/\/csumachine.com\/product\/vg0110n044-track-chain-salt-p-p-r-type-for-d10n-bulldozer\/\",\"url\":\"https:\/\/csumachine.com\/product\/vg0110n044-track-chain-salt-p-p-r-type-for-d10n-bulldozer\/\",\"name\":\"VG0110N044 Track Chain Salt P P R. Type For D10N Bulldozer - csumachine.com\",\"isPartOf\":{\"@id\":\"https:\/\/csumachine.com\/#website\"},\"primaryImageOfPage\":{\"@id\":\"https:\/\/csumachine.com\/product\/vg0110n044-track-chain-salt-p-p-r-type-for-d10n-bulldozer\/#primaryimage\"},\"image\":{\"@id\":\"https:\/\/csumachine.com\/product\/vg0110n044-track-chain-salt-p-p-r-type-for-d10n-bulldozer\/#primaryimage\"},\"thumbnailUrl\":\"https:\/\/csumachine.com\/wp-content\/uploads\/2025\/09\/D10-link.jpg\",\"datePublished\":\"2025-09-22T09:03:33+00:00\",\"breadcrumb\":{\"@id\":\"https:\/\/csumachine.com\/product\/vg0110n044-track-chain-salt-p-p-r-type-for-d10n-bulldozer\/#breadcrumb\"},\"inLanguage\":\"ru-RU\",\"potentialAction\":[{\"@type\":\"ReadAction\",\"target\":[\"https:\/\/csumachine.com\/product\/vg0110n044-track-chain-salt-p-p-r-type-for-d10n-bulldozer\/\"]}]},{\"@type\":\"ImageObject\",\"inLanguage\":\"ru-RU\",\"@id\":\"https:\/\/csumachine.com\/product\/vg0110n044-track-chain-salt-p-p-r-type-for-d10n-bulldozer\/#primaryimage\",\"url\":\"https:\/\/csumachine.com\/wp-content\/uploads\/2025\/09\/D10-link.jpg\",\"contentUrl\":\"https:\/\/csumachine.com\/wp-content\/uploads\/2025\/09\/D10-link.jpg\",\"width\":750,\"height\":750},{\"@type\":\"BreadcrumbList\",\"@id\":\"https:\/\/csumachine.com\/product\/vg0110n044-track-chain-salt-p-p-r-type-for-d10n-bulldozer\/#breadcrumb\",\"itemListElement\":[{\"@type\":\"ListItem\",\"position\":1,\"name\":\"HOME\",\"item\":\"https:\/\/csumachine.com\/\"},{\"@type\":\"ListItem\",\"position\":2,\"name\":\"\u4ea7\u54c1\",\"item\":\"https:\/\/csumachine.com\/shop__trashed\/\"},{\"@type\":\"ListItem\",\"position\":3,\"name\":\"VG0110N044 Track Chain Salt P P R. Type For D10N Bulldozer\"}]},{\"@type\":\"WebSite\",\"@id\":\"https:\/\/csumachine.com\/#website\",\"url\":\"https:\/\/csumachine.com\/\",\"name\":\"csumachine.com\",\"description\":\"\",\"publisher\":{\"@id\":\"https:\/\/csumachine.com\/#organization\"},\"potentialAction\":[{\"@type\":\"SearchAction\",\"target\":{\"@type\":\"EntryPoint\",\"urlTemplate\":\"https:\/\/csumachine.com\/?s={search_term_string}\"},\"query-input\":{\"@type\":\"PropertyValueSpecification\",\"valueRequired\":true,\"valueName\":\"search_term_string\"}}],\"inLanguage\":\"ru-RU\"},{\"@type\":\"Organization\",\"@id\":\"https:\/\/csumachine.com\/#organization\",\"name\":\"csumachine.com\",\"url\":\"https:\/\/csumachine.com\/\",\"logo\":{\"@type\":\"ImageObject\",\"inLanguage\":\"ru-RU\",\"@id\":\"https:\/\/csumachine.com\/#\/schema\/logo\/image\/\",\"url\":\"https:\/\/csumachine.com\/wp-content\/uploads\/2025\/09\/logo03.jpg\",\"contentUrl\":\"https:\/\/csumachine.com\/wp-content\/uploads\/2025\/09\/logo03.jpg\",\"width\":148,\"height\":100,\"caption\":\"csumachine.com\"},\"image\":{\"@id\":\"https:\/\/csumachine.com\/#\/schema\/logo\/image\/\"}}]}<\/script>\n<!-- \/ Yoast SEO plugin. -->","yoast_head_json":{"title":"VG0110N044 \u0413\u0443\u0441\u0435\u043d\u0438\u0447\u043d\u0430\u044f \u0446\u0435\u043f\u044c \u0442\u0438\u043f\u0430 Salt P P R. \u0434\u043b\u044f \u0431\u0443\u043b\u044c\u0434\u043e\u0437\u0435\u0440\u0430 D10N - csumachine.com","robots":{"index":"index","follow":"follow","max-snippet":"max-snippet:-1","max-image-preview":"max-image-preview:large","max-video-preview":"max-video-preview:-1"},"canonical":"https:\/\/csumachine.com\/ru\/product\/vg0110n044-\u0433\u0443\u0441\u0435\u043d\u0438\u0447\u043d\u0430\u044f-\u0446\u0435\u043f\u044c-\u0441\u043e\u043b\u044c-p-p-r-\u0442\u0438\u043f-\u0434\u043b\u044f-\u0431\u0443\u043b\u044c\u0434\/","og_locale":"ru_RU","og_type":"article","og_title":"VG0110N044 Track Chain Salt P P R. Type For D10N Bulldozer - csumachine.com","og_description":"A B C B1 260.4 80 83 80 C1 N M D 83 105 181 190 E D1 E1 L 250 190 250 293.4 I \u00d8R \u00d8H \u00d8G 136 95 57.25 90.43 \u00d8F \u00d8T P W 29.5 30 316 1+1\/8&#8243;-12UNF VG0110N044 TRACK CHAIN SALT P.P.R. TYPE COMPATIBLE WITH THE FOLLOWING VEHICLES: CATERPILLAR D10N 2YD-1-UP,D10N 3SK-1-UP, [&hellip;]","og_url":"https:\/\/csumachine.com\/ru\/product\/vg0110n044-\u0433\u0443\u0441\u0435\u043d\u0438\u0447\u043d\u0430\u044f-\u0446\u0435\u043f\u044c-\u0441\u043e\u043b\u044c-p-p-r-\u0442\u0438\u043f-\u0434\u043b\u044f-\u0431\u0443\u043b\u044c\u0434\/","og_site_name":"csumachine.com","og_image":[{"width":750,"height":750,"url":"https:\/\/csumachine.com\/wp-content\/uploads\/2025\/09\/D10-link.jpg","type":"image\/jpeg"}],"twitter_card":"summary_large_image","twitter_misc":{"\u041f\u0440\u0438\u043c\u0435\u0440\u043d\u043e\u0435 \u0432\u0440\u0435\u043c\u044f \u0434\u043b\u044f \u0447\u0442\u0435\u043d\u0438\u044f":"1 \u043c\u0438\u043d\u0443\u0442\u0430"},"schema":{"@context":"https:\/\/schema.org","@graph":[{"@type":"WebPage","@id":"https:\/\/csumachine.com\/product\/vg0110n044-track-chain-salt-p-p-r-type-for-d10n-bulldozer\/","url":"https:\/\/csumachine.com\/product\/vg0110n044-track-chain-salt-p-p-r-type-for-d10n-bulldozer\/","name":"VG0110N044 \u0413\u0443\u0441\u0435\u043d\u0438\u0447\u043d\u0430\u044f \u0446\u0435\u043f\u044c \u0442\u0438\u043f\u0430 Salt P P R. \u0434\u043b\u044f \u0431\u0443\u043b\u044c\u0434\u043e\u0437\u0435\u0440\u0430 D10N - csumachine.com","isPartOf":{"@id":"https:\/\/csumachine.com\/#website"},"primaryImageOfPage":{"@id":"https:\/\/csumachine.com\/product\/vg0110n044-track-chain-salt-p-p-r-type-for-d10n-bulldozer\/#primaryimage"},"image":{"@id":"https:\/\/csumachine.com\/product\/vg0110n044-track-chain-salt-p-p-r-type-for-d10n-bulldozer\/#primaryimage"},"thumbnailUrl":"https:\/\/csumachine.com\/wp-content\/uploads\/2025\/09\/D10-link.jpg","datePublished":"2025-09-22T09:03:33+00:00","breadcrumb":{"@id":"https:\/\/csumachine.com\/product\/vg0110n044-track-chain-salt-p-p-r-type-for-d10n-bulldozer\/#breadcrumb"},"inLanguage":"ru-RU","potentialAction":[{"@type":"ReadAction","target":["https:\/\/csumachine.com\/product\/vg0110n044-track-chain-salt-p-p-r-type-for-d10n-bulldozer\/"]}]},{"@type":"ImageObject","inLanguage":"ru-RU","@id":"https:\/\/csumachine.com\/product\/vg0110n044-track-chain-salt-p-p-r-type-for-d10n-bulldozer\/#primaryimage","url":"https:\/\/csumachine.com\/wp-content\/uploads\/2025\/09\/D10-link.jpg","contentUrl":"https:\/\/csumachine.com\/wp-content\/uploads\/2025\/09\/D10-link.jpg","width":750,"height":750},{"@type":"BreadcrumbList","@id":"https:\/\/csumachine.com\/product\/vg0110n044-track-chain-salt-p-p-r-type-for-d10n-bulldozer\/#breadcrumb","itemListElement":[{"@type":"ListItem","position":1,"name":"HOME","item":"https:\/\/csumachine.com\/"},{"@type":"ListItem","position":2,"name":"\u4ea7\u54c1","item":"https:\/\/csumachine.com\/shop__trashed\/"},{"@type":"ListItem","position":3,"name":"VG0110N044 Track Chain Salt P P R. Type For D10N Bulldozer"}]},{"@type":"WebSite","@id":"https:\/\/csumachine.com\/#website","url":"https:\/\/csumachine.com\/","name":"csumachine.com","description":"","publisher":{"@id":"https:\/\/csumachine.com\/#organization"},"potentialAction":[{"@type":"SearchAction","target":{"@type":"EntryPoint","urlTemplate":"https:\/\/csumachine.com\/?s={search_term_string}"},"query-input":{"@type":"PropertyValueSpecification","valueRequired":true,"valueName":"search_term_string"}}],"inLanguage":"ru-RU"},{"@type":"Organization","@id":"https:\/\/csumachine.com\/#organization","name":"csumachine.com","url":"https:\/\/csumachine.com\/","logo":{"@type":"ImageObject","inLanguage":"ru-RU","@id":"https:\/\/csumachine.com\/#\/schema\/logo\/image\/","url":"https:\/\/csumachine.com\/wp-content\/uploads\/2025\/09\/logo03.jpg","contentUrl":"https:\/\/csumachine.com\/wp-content\/uploads\/2025\/09\/logo03.jpg","width":148,"height":100,"caption":"csumachine.com"},"image":{"@id":"https:\/\/csumachine.com\/#\/schema\/logo\/image\/"}}]}},"_links":{"self":[{"href":"https:\/\/csumachine.com\/ru\/wp-json\/wp\/v2\/product\/691","targetHints":{"allow":["GET"]}}],"collection":[{"href":"https:\/\/csumachine.com\/ru\/wp-json\/wp\/v2\/product"}],"about":[{"href":"https:\/\/csumachine.com\/ru\/wp-json\/wp\/v2\/types\/product"}],"wp:featuredmedia":[{"embeddable":true,"href":"https:\/\/csumachine.com\/ru\/wp-json\/wp\/v2\/media\/693"}],"wp:attachment":[{"href":"https:\/\/csumachine.com\/ru\/wp-json\/wp\/v2\/media?parent=691"}],"wp:term":[{"taxonomy":"product_brand","embeddable":true,"href":"https:\/\/csumachine.com\/ru\/wp-json\/wp\/v2\/product_brand?post=691"},{"taxonomy":"product_cat","embeddable":true,"href":"https:\/\/csumachine.com\/ru\/wp-json\/wp\/v2\/product_cat?post=691"},{"taxonomy":"product_tag","embeddable":true,"href":"https:\/\/csumachine.com\/ru\/wp-json\/wp\/v2\/product_tag?post=691"}],"curies":[{"name":"wp","href":"https:\/\/api.w.org\/{rel}","templated":true}]}}