{"id":700,"date":"2025-09-22T09:33:33","date_gmt":"2025-09-22T09:33:33","guid":{"rendered":"https:\/\/csumachine.com\/?post_type=product&#038;p=700"},"modified":"2025-09-22T09:33:33","modified_gmt":"2025-09-22T09:33:33","slug":"125-3537-7t0962-9w9734-roue-libre-pour-bulldozer-d10n","status":"publish","type":"product","link":"https:\/\/csumachine.com\/fr\/product\/125-3537-7t0962-9w9734-roue-libre-pour-bulldozer-d10n\/","title":{"rendered":"125-3537 7T0962 9W9734 Pignon pour Bulldozer D10N"},"content":{"rendered":"<div class=\"row\">\n<div class=\"col-md-6\">\n<div><b>Marque de la machine :<\/b><\/div>\n<div>CATERPILLAR<\/div>\n<div><b>Type de machine :<\/b><\/div>\n<div>Bouteurs<\/div>\n<div><b>mod\u00e8le :<\/b><\/div>\n<div>D10N<\/div>\n<\/div>\n<div class=\"col-md-6\">\n<div><b>Roue libre 1<\/b><\/div>\n<div><b>CTHP0110N0<\/b><\/div>\n<div><b>Poids :<\/b><\/div>\n<div>594.00 Kg<\/div>\n<div><\/div>\n<\/div>\n<\/div>\n<div><b>D\u00e9tails :<\/b><\/div>\n<div>\n<table class=\"tabella\" style=\"height: 323px;\" border=\"0\" width=\"1072\" cellspacing=\"1\" cellpadding=\"0\">\n<tbody>\n<tr>\n<td width=\"25%\">\n<div>A<\/div>\n<div class=\"produs_dimensiuni_valori\">806<\/div>\n<div><\/div>\n<\/td>\n<td width=\"25%\">\n<div>B<\/div>\n<div class=\"produs_dimensiuni_valori\">766<\/div>\n<div><\/div>\n<\/td>\n<td width=\"25%\">\n<div>C<\/div>\n<div class=\"produs_dimensiuni_valori\">74<\/div>\n<div><\/div>\n<\/td>\n<td width=\"25%\">\n<div>D<\/div>\n<div class=\"produs_dimensiuni_valori\">294<\/div>\n<div><\/div>\n<\/td>\n<\/tr>\n<tr>\n<td width=\"25%\">\n<div>E<\/div>\n<div class=\"produs_dimensiuni_valori\">133<\/div>\n<div><\/div>\n<\/td>\n<td width=\"25%\">\n<div>F<\/div>\n<div class=\"produs_dimensiuni_valori\">395<\/div>\n<div><\/div>\n<\/td>\n<td width=\"25%\">\n<div>G<\/div>\n<div class=\"produs_dimensiuni_valori\">551<\/div>\n<div><\/div>\n<\/td>\n<td width=\"25%\">\n<div>H<\/div>\n<div class=\"produs_dimensiuni_valori\"><\/div>\n<div><\/div>\n<\/td>\n<\/tr>\n<tr>\n<td width=\"25%\">\n<div>I<\/div>\n<div class=\"produs_dimensiuni_valori\"><\/div>\n<div><\/div>\n<\/td>\n<td width=\"25%\">\n<div>L<\/div>\n<div class=\"produs_dimensiuni_valori\">13<\/div>\n<div><\/div>\n<\/td>\n<td width=\"25%\">\n<div>K<\/div>\n<div class=\"produs_dimensiuni_valori\"><\/div>\n<div><\/div>\n<\/td>\n<td width=\"25%\">\n<div>M<\/div>\n<div class=\"produs_dimensiuni_valori\"><\/div>\n<div><\/div>\n<\/td>\n<\/tr>\n<tr>\n<td width=\"25%\">\n<div>N<\/div>\n<div class=\"produs_dimensiuni_valori\"><\/div>\n<div><\/div>\n<\/td>\n<td width=\"25%\">\n<div>P<\/div>\n<div class=\"produs_dimensiuni_valori\">527<\/div>\n<div><\/div>\n<\/td>\n<td width=\"25%\">\n<div>Q<\/div>\n<div class=\"produs_dimensiuni_valori\"><\/div>\n<div><\/div>\n<\/td>\n<td width=\"25%\">\n<div>R<\/div>\n<div class=\"produs_dimensiuni_valori\"><\/div>\n<div><\/div>\n<\/td>\n<\/tr>\n<tr>\n<td width=\"25%\">\n<div>U<\/div>\n<div class=\"produs_dimensiuni_valori\"><\/div>\n<div><\/div>\n<\/td>\n<td width=\"25%\">\n<div>V<\/div>\n<div class=\"produs_dimensiuni_valori\"><\/div>\n<div><\/div>\n<\/td>\n<td width=\"25%\"><\/td>\n<td width=\"25%\"><\/td>\n<\/tr>\n<\/tbody>\n<\/table>\n<p><img fetchpriority=\"high\" decoding=\"async\" class=\"alignnone  wp-image-701\" src=\"https:\/\/csumachine.com\/wp-content\/uploads\/2025\/09\/D10N-IDLER.png\" alt=\"\" width=\"1025\" height=\"768\" srcset=\"https:\/\/csumachine.com\/wp-content\/uploads\/2025\/09\/D10N-IDLER.png 1185w, https:\/\/csumachine.com\/wp-content\/uploads\/2025\/09\/D10N-IDLER-300x225.png 300w, https:\/\/csumachine.com\/wp-content\/uploads\/2025\/09\/D10N-IDLER-1024x767.png 1024w, https:\/\/csumachine.com\/wp-content\/uploads\/2025\/09\/D10N-IDLER-768x576.png 768w, https:\/\/csumachine.com\/wp-content\/uploads\/2025\/09\/D10N-IDLER-600x450.png 600w\" sizes=\"(max-width: 1025px) 100vw, 1025px\" \/><\/p>\n<p>Le corps du pignon D10 de notre produit est fabriqu\u00e9 en 35SiMn avec une duret\u00e9 de HRC55-58 et une profondeur de 6-8mm, ce qui est plus r\u00e9sistant \u00e0 l'usure. Le mat\u00e9riau de l'arbre central en acier 42Crmo n'est pas facile \u00e0 fracturer. La dur\u00e9e de vie du produit est donc plus longue.<\/p>\n<p>Notre technologie fait appel au forgeage et au moulage de pr\u00e9cision, ainsi qu'\u00e0 l'usinage vertical CNC. Le moulage de pr\u00e9cision permet d'obtenir un corps de roue de haute densit\u00e9, sans pores et r\u00e9sistant aux fuites de gaz. La machine verticale CNC est utilis\u00e9e pour un contr\u00f4le plus pr\u00e9cis de la taille du produit et une finition plus lisse. L'\u00e9quipement est meilleur, le fonctionnement est s\u00fbr et l'efficacit\u00e9 de la production est plus \u00e9lev\u00e9e.<\/p>\n<p>VPO110N DU ROULEAU AVANT AVEC COLLIERS<br \/>\nCOMPATIBLE AVEC LES V\u00c9HICULES SUIVANTS :<br \/>\nCATERPILLAR<br \/>\nD10N 2YD-1-UP, D1ON 3SK-1-UP, D1OR 3KR-1-UP, D1OR AKT-1-UP, D10T RJG-1-UP<br \/>\nR\u00c9F\u00c9RENCE CROIS\u00c9E (CODES ORIGINAUX) :<br \/>\nBERCO<br \/>\nCR5045<br \/>\nCATERPILLAR<br \/>\n125-3537,7T0962,9W9734<br \/>\nITM<br \/>\nPO1100N1MOO<br \/>\nVPI<br \/>\nV125-3537V,VCR5045V<\/p>\n<\/div>","protected":false},"excerpt":{"rendered":"<p>Machinery brand: CATERPILLAR Machinery type: Dozers model: D10N Idler 1 CTHP0110N0 Weight: 594.00 Kg Details: A 806 B 766 C 74 D 294 E 133 F 395 G 551 H I L 13 K M N P 527 Q R U V D10 idler body of our product is made of 35SiMn with a hardness [&hellip;]<\/p>","protected":false},"featured_media":702,"template":"","meta":[],"product_brand":[],"product_cat":[95,98,109,92],"product_tag":[],"class_list":{"0":"post-700","1":"product","2":"type-product","3":"status-publish","4":"has-post-thumbnail","6":"product_cat-all-brand","7":"product_cat-bulldozer","8":"product_cat-caterpillar","9":"product_cat-undercarriage-parts","11":"first","12":"instock","13":"shipping-taxable","14":"product-type-simple"},"yoast_head":"<!-- This site is optimized with the Yoast SEO plugin v25.9 - https:\/\/yoast.com\/wordpress\/plugins\/seo\/ -->\n<title>125-3537 7T0962 9W9734 Idler for D10N Bulldozer - csumachine.com<\/title>\n<meta name=\"robots\" content=\"index, follow, max-snippet:-1, max-image-preview:large, max-video-preview:-1\" \/>\n<link rel=\"canonical\" href=\"https:\/\/csumachine.com\/fr\/product\/125-3537-7t0962-9w9734-roue-libre-pour-bulldozer-d10n\/\" \/>\n<meta property=\"og:locale\" content=\"fr_FR\" \/>\n<meta property=\"og:type\" content=\"article\" \/>\n<meta property=\"og:title\" content=\"125-3537 7T0962 9W9734 Idler for D10N Bulldozer - csumachine.com\" \/>\n<meta property=\"og:description\" content=\"Machinery brand: CATERPILLAR Machinery type: Dozers model: D10N Idler 1 CTHP0110N0 Weight: 594.00 Kg Details: A 806 B 766 C 74 D 294 E 133 F 395 G 551 H I L 13 K M N P 527 Q R U V D10 idler body of our product is made of 35SiMn with a hardness [&hellip;]\" \/>\n<meta property=\"og:url\" content=\"https:\/\/csumachine.com\/fr\/product\/125-3537-7t0962-9w9734-roue-libre-pour-bulldozer-d10n\/\" \/>\n<meta property=\"og:site_name\" content=\"csumachine.com\" \/>\n<meta property=\"og:image\" content=\"https:\/\/csumachine.com\/wp-content\/uploads\/2025\/09\/D10N-idler.jpg\" \/>\n\t<meta property=\"og:image:width\" content=\"750\" \/>\n\t<meta property=\"og:image:height\" content=\"750\" \/>\n\t<meta property=\"og:image:type\" content=\"image\/jpeg\" \/>\n<meta name=\"twitter:card\" content=\"summary_large_image\" \/>\n<meta name=\"twitter:label1\" content=\"Dur\u00e9e de lecture estim\u00e9e\" \/>\n\t<meta name=\"twitter:data1\" content=\"2 minutes\" \/>\n<script type=\"application\/ld+json\" class=\"yoast-schema-graph\">{\"@context\":\"https:\/\/schema.org\",\"@graph\":[{\"@type\":\"WebPage\",\"@id\":\"https:\/\/csumachine.com\/product\/125-3537-7t0962-9w9734-idler-for-d10n-bulldozer\/\",\"url\":\"https:\/\/csumachine.com\/product\/125-3537-7t0962-9w9734-idler-for-d10n-bulldozer\/\",\"name\":\"125-3537 7T0962 9W9734 Idler for D10N Bulldozer - csumachine.com\",\"isPartOf\":{\"@id\":\"https:\/\/csumachine.com\/#website\"},\"primaryImageOfPage\":{\"@id\":\"https:\/\/csumachine.com\/product\/125-3537-7t0962-9w9734-idler-for-d10n-bulldozer\/#primaryimage\"},\"image\":{\"@id\":\"https:\/\/csumachine.com\/product\/125-3537-7t0962-9w9734-idler-for-d10n-bulldozer\/#primaryimage\"},\"thumbnailUrl\":\"https:\/\/csumachine.com\/wp-content\/uploads\/2025\/09\/D10N-idler.jpg\",\"datePublished\":\"2025-09-22T09:33:33+00:00\",\"breadcrumb\":{\"@id\":\"https:\/\/csumachine.com\/product\/125-3537-7t0962-9w9734-idler-for-d10n-bulldozer\/#breadcrumb\"},\"inLanguage\":\"fr-FR\",\"potentialAction\":[{\"@type\":\"ReadAction\",\"target\":[\"https:\/\/csumachine.com\/product\/125-3537-7t0962-9w9734-idler-for-d10n-bulldozer\/\"]}]},{\"@type\":\"ImageObject\",\"inLanguage\":\"fr-FR\",\"@id\":\"https:\/\/csumachine.com\/product\/125-3537-7t0962-9w9734-idler-for-d10n-bulldozer\/#primaryimage\",\"url\":\"https:\/\/csumachine.com\/wp-content\/uploads\/2025\/09\/D10N-idler.jpg\",\"contentUrl\":\"https:\/\/csumachine.com\/wp-content\/uploads\/2025\/09\/D10N-idler.jpg\",\"width\":750,\"height\":750},{\"@type\":\"BreadcrumbList\",\"@id\":\"https:\/\/csumachine.com\/product\/125-3537-7t0962-9w9734-idler-for-d10n-bulldozer\/#breadcrumb\",\"itemListElement\":[{\"@type\":\"ListItem\",\"position\":1,\"name\":\"HOME\",\"item\":\"https:\/\/csumachine.com\/\"},{\"@type\":\"ListItem\",\"position\":2,\"name\":\"\u4ea7\u54c1\",\"item\":\"https:\/\/csumachine.com\/shop__trashed\/\"},{\"@type\":\"ListItem\",\"position\":3,\"name\":\"125-3537 7T0962 9W9734 Idler for D10N Bulldozer\"}]},{\"@type\":\"WebSite\",\"@id\":\"https:\/\/csumachine.com\/#website\",\"url\":\"https:\/\/csumachine.com\/\",\"name\":\"csumachine.com\",\"description\":\"\",\"publisher\":{\"@id\":\"https:\/\/csumachine.com\/#organization\"},\"potentialAction\":[{\"@type\":\"SearchAction\",\"target\":{\"@type\":\"EntryPoint\",\"urlTemplate\":\"https:\/\/csumachine.com\/?s={search_term_string}\"},\"query-input\":{\"@type\":\"PropertyValueSpecification\",\"valueRequired\":true,\"valueName\":\"search_term_string\"}}],\"inLanguage\":\"fr-FR\"},{\"@type\":\"Organization\",\"@id\":\"https:\/\/csumachine.com\/#organization\",\"name\":\"csumachine.com\",\"url\":\"https:\/\/csumachine.com\/\",\"logo\":{\"@type\":\"ImageObject\",\"inLanguage\":\"fr-FR\",\"@id\":\"https:\/\/csumachine.com\/#\/schema\/logo\/image\/\",\"url\":\"https:\/\/csumachine.com\/wp-content\/uploads\/2025\/09\/logo03.jpg\",\"contentUrl\":\"https:\/\/csumachine.com\/wp-content\/uploads\/2025\/09\/logo03.jpg\",\"width\":148,\"height\":100,\"caption\":\"csumachine.com\"},\"image\":{\"@id\":\"https:\/\/csumachine.com\/#\/schema\/logo\/image\/\"}}]}<\/script>\n<!-- \/ Yoast SEO plugin. -->","yoast_head_json":{"title":"125-3537 7T0962 9W9734 Pignon pour Bulldozer D10N - csumachine.com","robots":{"index":"index","follow":"follow","max-snippet":"max-snippet:-1","max-image-preview":"max-image-preview:large","max-video-preview":"max-video-preview:-1"},"canonical":"https:\/\/csumachine.com\/fr\/product\/125-3537-7t0962-9w9734-roue-libre-pour-bulldozer-d10n\/","og_locale":"fr_FR","og_type":"article","og_title":"125-3537 7T0962 9W9734 Idler for D10N Bulldozer - csumachine.com","og_description":"Machinery brand: CATERPILLAR Machinery type: Dozers model: D10N Idler 1 CTHP0110N0 Weight: 594.00 Kg Details: A 806 B 766 C 74 D 294 E 133 F 395 G 551 H I L 13 K M N P 527 Q R U V D10 idler body of our product is made of 35SiMn with a hardness [&hellip;]","og_url":"https:\/\/csumachine.com\/fr\/product\/125-3537-7t0962-9w9734-roue-libre-pour-bulldozer-d10n\/","og_site_name":"csumachine.com","og_image":[{"width":750,"height":750,"url":"https:\/\/csumachine.com\/wp-content\/uploads\/2025\/09\/D10N-idler.jpg","type":"image\/jpeg"}],"twitter_card":"summary_large_image","twitter_misc":{"Dur\u00e9e de lecture estim\u00e9e":"2 minutes"},"schema":{"@context":"https:\/\/schema.org","@graph":[{"@type":"WebPage","@id":"https:\/\/csumachine.com\/product\/125-3537-7t0962-9w9734-idler-for-d10n-bulldozer\/","url":"https:\/\/csumachine.com\/product\/125-3537-7t0962-9w9734-idler-for-d10n-bulldozer\/","name":"125-3537 7T0962 9W9734 Pignon pour Bulldozer D10N - csumachine.com","isPartOf":{"@id":"https:\/\/csumachine.com\/#website"},"primaryImageOfPage":{"@id":"https:\/\/csumachine.com\/product\/125-3537-7t0962-9w9734-idler-for-d10n-bulldozer\/#primaryimage"},"image":{"@id":"https:\/\/csumachine.com\/product\/125-3537-7t0962-9w9734-idler-for-d10n-bulldozer\/#primaryimage"},"thumbnailUrl":"https:\/\/csumachine.com\/wp-content\/uploads\/2025\/09\/D10N-idler.jpg","datePublished":"2025-09-22T09:33:33+00:00","breadcrumb":{"@id":"https:\/\/csumachine.com\/product\/125-3537-7t0962-9w9734-idler-for-d10n-bulldozer\/#breadcrumb"},"inLanguage":"fr-FR","potentialAction":[{"@type":"ReadAction","target":["https:\/\/csumachine.com\/product\/125-3537-7t0962-9w9734-idler-for-d10n-bulldozer\/"]}]},{"@type":"ImageObject","inLanguage":"fr-FR","@id":"https:\/\/csumachine.com\/product\/125-3537-7t0962-9w9734-idler-for-d10n-bulldozer\/#primaryimage","url":"https:\/\/csumachine.com\/wp-content\/uploads\/2025\/09\/D10N-idler.jpg","contentUrl":"https:\/\/csumachine.com\/wp-content\/uploads\/2025\/09\/D10N-idler.jpg","width":750,"height":750},{"@type":"BreadcrumbList","@id":"https:\/\/csumachine.com\/product\/125-3537-7t0962-9w9734-idler-for-d10n-bulldozer\/#breadcrumb","itemListElement":[{"@type":"ListItem","position":1,"name":"HOME","item":"https:\/\/csumachine.com\/"},{"@type":"ListItem","position":2,"name":"\u4ea7\u54c1","item":"https:\/\/csumachine.com\/shop__trashed\/"},{"@type":"ListItem","position":3,"name":"125-3537 7T0962 9W9734 Idler for D10N Bulldozer"}]},{"@type":"WebSite","@id":"https:\/\/csumachine.com\/#website","url":"https:\/\/csumachine.com\/","name":"csumachine.com","description":"","publisher":{"@id":"https:\/\/csumachine.com\/#organization"},"potentialAction":[{"@type":"SearchAction","target":{"@type":"EntryPoint","urlTemplate":"https:\/\/csumachine.com\/?s={search_term_string}"},"query-input":{"@type":"PropertyValueSpecification","valueRequired":true,"valueName":"search_term_string"}}],"inLanguage":"fr-FR"},{"@type":"Organization","@id":"https:\/\/csumachine.com\/#organization","name":"csumachine.com","url":"https:\/\/csumachine.com\/","logo":{"@type":"ImageObject","inLanguage":"fr-FR","@id":"https:\/\/csumachine.com\/#\/schema\/logo\/image\/","url":"https:\/\/csumachine.com\/wp-content\/uploads\/2025\/09\/logo03.jpg","contentUrl":"https:\/\/csumachine.com\/wp-content\/uploads\/2025\/09\/logo03.jpg","width":148,"height":100,"caption":"csumachine.com"},"image":{"@id":"https:\/\/csumachine.com\/#\/schema\/logo\/image\/"}}]}},"_links":{"self":[{"href":"https:\/\/csumachine.com\/fr\/wp-json\/wp\/v2\/product\/700","targetHints":{"allow":["GET"]}}],"collection":[{"href":"https:\/\/csumachine.com\/fr\/wp-json\/wp\/v2\/product"}],"about":[{"href":"https:\/\/csumachine.com\/fr\/wp-json\/wp\/v2\/types\/product"}],"wp:featuredmedia":[{"embeddable":true,"href":"https:\/\/csumachine.com\/fr\/wp-json\/wp\/v2\/media\/702"}],"wp:attachment":[{"href":"https:\/\/csumachine.com\/fr\/wp-json\/wp\/v2\/media?parent=700"}],"wp:term":[{"taxonomy":"product_brand","embeddable":true,"href":"https:\/\/csumachine.com\/fr\/wp-json\/wp\/v2\/product_brand?post=700"},{"taxonomy":"product_cat","embeddable":true,"href":"https:\/\/csumachine.com\/fr\/wp-json\/wp\/v2\/product_cat?post=700"},{"taxonomy":"product_tag","embeddable":true,"href":"https:\/\/csumachine.com\/fr\/wp-json\/wp\/v2\/product_tag?post=700"}],"curies":[{"name":"wp","href":"https:\/\/api.w.org\/{rel}","templated":true}]}}