{"id":867,"date":"2025-11-10T08:54:30","date_gmt":"2025-11-10T08:54:30","guid":{"rendered":"https:\/\/csumachine.com\/?post_type=product&#038;p=867"},"modified":"2025-11-10T08:54:30","modified_gmt":"2025-11-10T08:54:30","slug":"cuchara-de-soldadura-tradicional-y-cuchara-de-colada-integral","status":"publish","type":"product","link":"https:\/\/csumachine.com\/es\/product\/cuchara-de-soldadura-tradicional-y-cuchara-de-colada-integral\/","title":{"rendered":"Cazo de soldadura tradicional y cazo de fundici\u00f3n integral"},"content":{"rendered":"<p>El cazo de excavadora tradicional se compone de placa base dentada, placa inferior, placa lateral, placa de pared, placa de oreja colgante, placa trasera, placa de oreja de cazo, manguito de oreja de cazo y otras piezas, La soldadura es el proceso de fabricaci\u00f3n m\u00e1s cr\u00edtico y complejo del cazo. La calidad de la soldadura, afecta directamente a la resistencia estructural y la vida \u00fatil de la cuchara, y el proceso de soldadura inevitablemente causar\u00e1 la diferencia de dureza entre la parte de soldadura y la parte no soldadura (la diferencia de dureza es probable que cause da\u00f1os en el proceso de trabajo de la cuchara). Debido a la baja dureza del acero con bajo contenido de carbono, es f\u00e1cil que se deforme, desgaste y da\u00f1e durante el uso; al mismo tiempo, su proceso de moldeado es relativamente engorroso, el ciclo de fabricaci\u00f3n es largo y el coste de producci\u00f3n es elevado.<\/p>\n<p><img fetchpriority=\"high\" decoding=\"async\" class=\"alignnone  wp-image-868\" src=\"https:\/\/csumachine.com\/wp-content\/uploads\/2025\/11\/bucket.jpg\" alt=\"\" width=\"826\" height=\"619\" srcset=\"https:\/\/csumachine.com\/wp-content\/uploads\/2025\/11\/bucket.jpg 650w, https:\/\/csumachine.com\/wp-content\/uploads\/2025\/11\/bucket-300x225.jpg 300w, https:\/\/csumachine.com\/wp-content\/uploads\/2025\/11\/bucket-16x12.jpg 16w, https:\/\/csumachine.com\/wp-content\/uploads\/2025\/11\/bucket-600x450.jpg 600w\" sizes=\"(max-width: 826px) 100vw, 826px\" \/><\/p>\n<p>La cuchara de aleaci\u00f3n resistente al desgaste de fundici\u00f3n integral es una pieza de fundici\u00f3n \u00fanica Tras varias veces de tratamiento t\u00e9rmico, todos los \u00edndices cumplen los requisitos t\u00e9cnicos de la cuchara de excavadora, y algunos \u00edndices son obviamente mejores que los de la cuchara de soldadura.<\/p>\n<p><img decoding=\"async\" class=\"alignnone  wp-image-869\" src=\"https:\/\/csumachine.com\/wp-content\/uploads\/2025\/11\/casting-bucket.jpg\" alt=\"\" width=\"780\" height=\"780\" srcset=\"https:\/\/csumachine.com\/wp-content\/uploads\/2025\/11\/casting-bucket.jpg 500w, https:\/\/csumachine.com\/wp-content\/uploads\/2025\/11\/casting-bucket-300x300.jpg 300w, https:\/\/csumachine.com\/wp-content\/uploads\/2025\/11\/casting-bucket-150x150.jpg 150w, https:\/\/csumachine.com\/wp-content\/uploads\/2025\/11\/casting-bucket-12x12.jpg 12w, https:\/\/csumachine.com\/wp-content\/uploads\/2025\/11\/casting-bucket-100x100.jpg 100w\" sizes=\"(max-width: 780px) 100vw, 780px\" \/><\/p>\n<p>&nbsp;<\/p>","protected":false},"excerpt":{"rendered":"<p>The traditional excavator bucket is composed of tooth base plate, bottom plate, side plate,wall plate, hanging ear plate, back plate, bucket ear plate, bucket ear sleeve and other parts,Welding is the most critical and complex manufacturing process of bucket. The welding quality,directly affects the structural strength and service life of the bucket, and the welding [&hellip;]<\/p>","protected":false},"featured_media":871,"template":"","meta":[],"product_brand":[],"product_cat":[95,109,100,93],"product_tag":[],"class_list":{"0":"post-867","1":"product","2":"type-product","3":"status-publish","4":"has-post-thumbnail","6":"product_cat-all-brand","7":"product_cat-caterpillar","8":"product_cat-excavator-bucket","9":"product_cat-get-parts","11":"first","12":"instock","13":"shipping-taxable","14":"product-type-simple"},"yoast_head":"<!-- This site is optimized with the Yoast SEO plugin v25.9 - https:\/\/yoast.com\/wordpress\/plugins\/seo\/ -->\n<title>Traditional Welding Bucket and Integral Casting Bucket - csumachine.com<\/title>\n<meta name=\"robots\" content=\"index, follow, max-snippet:-1, max-image-preview:large, max-video-preview:-1\" \/>\n<link rel=\"canonical\" href=\"https:\/\/csumachine.com\/es\/product\/cuchara-de-soldadura-tradicional-y-cuchara-de-colada-integral\/\" \/>\n<meta property=\"og:locale\" content=\"es_ES\" \/>\n<meta property=\"og:type\" content=\"article\" \/>\n<meta property=\"og:title\" content=\"Traditional Welding Bucket and Integral Casting Bucket - csumachine.com\" \/>\n<meta property=\"og:description\" content=\"The traditional excavator bucket is composed of tooth base plate, bottom plate, side plate,wall plate, hanging ear plate, back plate, bucket ear plate, bucket ear sleeve and other parts,Welding is the most critical and complex manufacturing process of bucket. The welding quality,directly affects the structural strength and service life of the bucket, and the welding [&hellip;]\" \/>\n<meta property=\"og:url\" content=\"https:\/\/csumachine.com\/es\/product\/cuchara-de-soldadura-tradicional-y-cuchara-de-colada-integral\/\" \/>\n<meta property=\"og:site_name\" content=\"csumachine.com\" \/>\n<meta property=\"og:image\" content=\"https:\/\/csumachine.com\/wp-content\/uploads\/2025\/11\/Excavator-Bucket-1.jpg\" \/>\n\t<meta property=\"og:image:width\" content=\"800\" \/>\n\t<meta property=\"og:image:height\" content=\"800\" \/>\n\t<meta property=\"og:image:type\" content=\"image\/jpeg\" \/>\n<meta name=\"twitter:card\" content=\"summary_large_image\" \/>\n<meta name=\"twitter:label1\" content=\"Tiempo de lectura\" \/>\n\t<meta name=\"twitter:data1\" content=\"2 minutos\" \/>\n<script type=\"application\/ld+json\" class=\"yoast-schema-graph\">{\"@context\":\"https:\/\/schema.org\",\"@graph\":[{\"@type\":\"WebPage\",\"@id\":\"https:\/\/csumachine.com\/product\/traditional-welding-bucket-and-integral-casting-bucket\/\",\"url\":\"https:\/\/csumachine.com\/product\/traditional-welding-bucket-and-integral-casting-bucket\/\",\"name\":\"Traditional Welding Bucket and Integral Casting Bucket - csumachine.com\",\"isPartOf\":{\"@id\":\"https:\/\/csumachine.com\/#website\"},\"primaryImageOfPage\":{\"@id\":\"https:\/\/csumachine.com\/product\/traditional-welding-bucket-and-integral-casting-bucket\/#primaryimage\"},\"image\":{\"@id\":\"https:\/\/csumachine.com\/product\/traditional-welding-bucket-and-integral-casting-bucket\/#primaryimage\"},\"thumbnailUrl\":\"https:\/\/csumachine.com\/wp-content\/uploads\/2025\/11\/Excavator-Bucket-1.jpg\",\"datePublished\":\"2025-11-10T08:54:30+00:00\",\"breadcrumb\":{\"@id\":\"https:\/\/csumachine.com\/product\/traditional-welding-bucket-and-integral-casting-bucket\/#breadcrumb\"},\"inLanguage\":\"es\",\"potentialAction\":[{\"@type\":\"ReadAction\",\"target\":[\"https:\/\/csumachine.com\/product\/traditional-welding-bucket-and-integral-casting-bucket\/\"]}]},{\"@type\":\"ImageObject\",\"inLanguage\":\"es\",\"@id\":\"https:\/\/csumachine.com\/product\/traditional-welding-bucket-and-integral-casting-bucket\/#primaryimage\",\"url\":\"https:\/\/csumachine.com\/wp-content\/uploads\/2025\/11\/Excavator-Bucket-1.jpg\",\"contentUrl\":\"https:\/\/csumachine.com\/wp-content\/uploads\/2025\/11\/Excavator-Bucket-1.jpg\",\"width\":800,\"height\":800},{\"@type\":\"BreadcrumbList\",\"@id\":\"https:\/\/csumachine.com\/product\/traditional-welding-bucket-and-integral-casting-bucket\/#breadcrumb\",\"itemListElement\":[{\"@type\":\"ListItem\",\"position\":1,\"name\":\"HOME\",\"item\":\"https:\/\/csumachine.com\/\"},{\"@type\":\"ListItem\",\"position\":2,\"name\":\"\u4ea7\u54c1\",\"item\":\"https:\/\/csumachine.com\/shop__trashed\/\"},{\"@type\":\"ListItem\",\"position\":3,\"name\":\"Traditional Welding Bucket and Integral Casting Bucket\"}]},{\"@type\":\"WebSite\",\"@id\":\"https:\/\/csumachine.com\/#website\",\"url\":\"https:\/\/csumachine.com\/\",\"name\":\"csumachine.com\",\"description\":\"\",\"publisher\":{\"@id\":\"https:\/\/csumachine.com\/#organization\"},\"potentialAction\":[{\"@type\":\"SearchAction\",\"target\":{\"@type\":\"EntryPoint\",\"urlTemplate\":\"https:\/\/csumachine.com\/?s={search_term_string}\"},\"query-input\":{\"@type\":\"PropertyValueSpecification\",\"valueRequired\":true,\"valueName\":\"search_term_string\"}}],\"inLanguage\":\"es\"},{\"@type\":\"Organization\",\"@id\":\"https:\/\/csumachine.com\/#organization\",\"name\":\"csumachine.com\",\"url\":\"https:\/\/csumachine.com\/\",\"logo\":{\"@type\":\"ImageObject\",\"inLanguage\":\"es\",\"@id\":\"https:\/\/csumachine.com\/#\/schema\/logo\/image\/\",\"url\":\"https:\/\/csumachine.com\/wp-content\/uploads\/2025\/09\/logo03.jpg\",\"contentUrl\":\"https:\/\/csumachine.com\/wp-content\/uploads\/2025\/09\/logo03.jpg\",\"width\":148,\"height\":100,\"caption\":\"csumachine.com\"},\"image\":{\"@id\":\"https:\/\/csumachine.com\/#\/schema\/logo\/image\/\"}}]}<\/script>\n<!-- \/ Yoast SEO plugin. -->","yoast_head_json":{"title":"Cazo de soldadura tradicional y cazo de fundici\u00f3n integral - csumachine.com","robots":{"index":"index","follow":"follow","max-snippet":"max-snippet:-1","max-image-preview":"max-image-preview:large","max-video-preview":"max-video-preview:-1"},"canonical":"https:\/\/csumachine.com\/es\/product\/cuchara-de-soldadura-tradicional-y-cuchara-de-colada-integral\/","og_locale":"es_ES","og_type":"article","og_title":"Traditional Welding Bucket and Integral Casting Bucket - csumachine.com","og_description":"The traditional excavator bucket is composed of tooth base plate, bottom plate, side plate,wall plate, hanging ear plate, back plate, bucket ear plate, bucket ear sleeve and other parts,Welding is the most critical and complex manufacturing process of bucket. The welding quality,directly affects the structural strength and service life of the bucket, and the welding [&hellip;]","og_url":"https:\/\/csumachine.com\/es\/product\/cuchara-de-soldadura-tradicional-y-cuchara-de-colada-integral\/","og_site_name":"csumachine.com","og_image":[{"width":800,"height":800,"url":"https:\/\/csumachine.com\/wp-content\/uploads\/2025\/11\/Excavator-Bucket-1.jpg","type":"image\/jpeg"}],"twitter_card":"summary_large_image","twitter_misc":{"Tiempo de lectura":"2 minutos"},"schema":{"@context":"https:\/\/schema.org","@graph":[{"@type":"WebPage","@id":"https:\/\/csumachine.com\/product\/traditional-welding-bucket-and-integral-casting-bucket\/","url":"https:\/\/csumachine.com\/product\/traditional-welding-bucket-and-integral-casting-bucket\/","name":"Cazo de soldadura tradicional y cazo de fundici\u00f3n integral - csumachine.com","isPartOf":{"@id":"https:\/\/csumachine.com\/#website"},"primaryImageOfPage":{"@id":"https:\/\/csumachine.com\/product\/traditional-welding-bucket-and-integral-casting-bucket\/#primaryimage"},"image":{"@id":"https:\/\/csumachine.com\/product\/traditional-welding-bucket-and-integral-casting-bucket\/#primaryimage"},"thumbnailUrl":"https:\/\/csumachine.com\/wp-content\/uploads\/2025\/11\/Excavator-Bucket-1.jpg","datePublished":"2025-11-10T08:54:30+00:00","breadcrumb":{"@id":"https:\/\/csumachine.com\/product\/traditional-welding-bucket-and-integral-casting-bucket\/#breadcrumb"},"inLanguage":"es","potentialAction":[{"@type":"ReadAction","target":["https:\/\/csumachine.com\/product\/traditional-welding-bucket-and-integral-casting-bucket\/"]}]},{"@type":"ImageObject","inLanguage":"es","@id":"https:\/\/csumachine.com\/product\/traditional-welding-bucket-and-integral-casting-bucket\/#primaryimage","url":"https:\/\/csumachine.com\/wp-content\/uploads\/2025\/11\/Excavator-Bucket-1.jpg","contentUrl":"https:\/\/csumachine.com\/wp-content\/uploads\/2025\/11\/Excavator-Bucket-1.jpg","width":800,"height":800},{"@type":"BreadcrumbList","@id":"https:\/\/csumachine.com\/product\/traditional-welding-bucket-and-integral-casting-bucket\/#breadcrumb","itemListElement":[{"@type":"ListItem","position":1,"name":"HOME","item":"https:\/\/csumachine.com\/"},{"@type":"ListItem","position":2,"name":"\u4ea7\u54c1","item":"https:\/\/csumachine.com\/shop__trashed\/"},{"@type":"ListItem","position":3,"name":"Traditional Welding Bucket and Integral Casting Bucket"}]},{"@type":"WebSite","@id":"https:\/\/csumachine.com\/#website","url":"https:\/\/csumachine.com\/","name":"csumachine.com","description":"","publisher":{"@id":"https:\/\/csumachine.com\/#organization"},"potentialAction":[{"@type":"SearchAction","target":{"@type":"EntryPoint","urlTemplate":"https:\/\/csumachine.com\/?s={search_term_string}"},"query-input":{"@type":"PropertyValueSpecification","valueRequired":true,"valueName":"search_term_string"}}],"inLanguage":"es"},{"@type":"Organization","@id":"https:\/\/csumachine.com\/#organization","name":"csumachine.com","url":"https:\/\/csumachine.com\/","logo":{"@type":"ImageObject","inLanguage":"es","@id":"https:\/\/csumachine.com\/#\/schema\/logo\/image\/","url":"https:\/\/csumachine.com\/wp-content\/uploads\/2025\/09\/logo03.jpg","contentUrl":"https:\/\/csumachine.com\/wp-content\/uploads\/2025\/09\/logo03.jpg","width":148,"height":100,"caption":"csumachine.com"},"image":{"@id":"https:\/\/csumachine.com\/#\/schema\/logo\/image\/"}}]}},"_links":{"self":[{"href":"https:\/\/csumachine.com\/es\/wp-json\/wp\/v2\/product\/867","targetHints":{"allow":["GET"]}}],"collection":[{"href":"https:\/\/csumachine.com\/es\/wp-json\/wp\/v2\/product"}],"about":[{"href":"https:\/\/csumachine.com\/es\/wp-json\/wp\/v2\/types\/product"}],"wp:featuredmedia":[{"embeddable":true,"href":"https:\/\/csumachine.com\/es\/wp-json\/wp\/v2\/media\/871"}],"wp:attachment":[{"href":"https:\/\/csumachine.com\/es\/wp-json\/wp\/v2\/media?parent=867"}],"wp:term":[{"taxonomy":"product_brand","embeddable":true,"href":"https:\/\/csumachine.com\/es\/wp-json\/wp\/v2\/product_brand?post=867"},{"taxonomy":"product_cat","embeddable":true,"href":"https:\/\/csumachine.com\/es\/wp-json\/wp\/v2\/product_cat?post=867"},{"taxonomy":"product_tag","embeddable":true,"href":"https:\/\/csumachine.com\/es\/wp-json\/wp\/v2\/product_tag?post=867"}],"curies":[{"name":"wp","href":"https:\/\/api.w.org\/{rel}","templated":true}]}}