{"id":867,"date":"2025-11-10T08:54:30","date_gmt":"2025-11-10T08:54:30","guid":{"rendered":"https:\/\/csumachine.com\/?post_type=product&#038;p=867"},"modified":"2025-11-10T08:54:30","modified_gmt":"2025-11-10T08:54:30","slug":"traditioneller-schweisloffel-und-integrierter-giesloffel","status":"publish","type":"product","link":"https:\/\/csumachine.com\/de\/product\/traditioneller-schweisloffel-und-integrierter-giesloffel\/","title":{"rendered":"Traditioneller Schwei\u00dfl\u00f6ffel und integrierter Gie\u00dfl\u00f6ffel"},"content":{"rendered":"<p>Die herk\u00f6mmliche Baggerschaufel besteht aus einer Zahngrundplatte, einer Bodenplatte, einer Seitenplatte, einer Wandplatte, einer h\u00e4ngenden Ohrplatte, einer R\u00fcckenplatte, einer Schaufelohrplatte, einer Schaufelohrh\u00fclse und anderen Teilen. Das Schwei\u00dfen ist der kritischste und komplexeste Herstellungsprozess der Schaufel. Die Qualit\u00e4t des Schwei\u00dfens wirkt sich direkt auf die strukturelle Festigkeit und die Lebensdauer der Schaufel aus, und der Schwei\u00dfprozess f\u00fchrt unweigerlich zu einem H\u00e4rteunterschied zwischen dem geschwei\u00dften Teil und dem nicht geschwei\u00dften Teil (der H\u00e4rteunterschied kann zu Sch\u00e4den im Arbeitsprozess der Schaufel f\u00fchren). Aufgrund der geringen H\u00e4rte des kohlenstoffarmen Stahls ist er leicht zu verformen, zu verschlei\u00dfen und im Gebrauch zu besch\u00e4digen; gleichzeitig ist der Formprozess relativ m\u00fchsam, der Herstellungszyklus ist lang und die Produktionskosten sind hoch.<\/p>\n<p><img fetchpriority=\"high\" decoding=\"async\" class=\"alignnone  wp-image-868\" src=\"https:\/\/csumachine.com\/wp-content\/uploads\/2025\/11\/bucket.jpg\" alt=\"\" width=\"826\" height=\"619\" srcset=\"https:\/\/csumachine.com\/wp-content\/uploads\/2025\/11\/bucket.jpg 650w, https:\/\/csumachine.com\/wp-content\/uploads\/2025\/11\/bucket-300x225.jpg 300w, https:\/\/csumachine.com\/wp-content\/uploads\/2025\/11\/bucket-16x12.jpg 16w, https:\/\/csumachine.com\/wp-content\/uploads\/2025\/11\/bucket-600x450.jpg 600w\" sizes=\"(max-width: 826px) 100vw, 826px\" \/><\/p>\n<p>Der Integralgussschaufel aus verschlei\u00dffester Legierung ist ein integraler Bestandteil des Einmalgusses. Nach mehrmaliger W\u00e4rmebehandlung erf\u00fcllen alle Indizes die technischen Anforderungen der Baggerschaufel, und einige Indizes sind offensichtlich besser als die der Schwei\u00dfschaufel.<\/p>\n<p><img decoding=\"async\" class=\"alignnone  wp-image-869\" src=\"https:\/\/csumachine.com\/wp-content\/uploads\/2025\/11\/casting-bucket.jpg\" alt=\"\" width=\"780\" height=\"780\" srcset=\"https:\/\/csumachine.com\/wp-content\/uploads\/2025\/11\/casting-bucket.jpg 500w, https:\/\/csumachine.com\/wp-content\/uploads\/2025\/11\/casting-bucket-300x300.jpg 300w, https:\/\/csumachine.com\/wp-content\/uploads\/2025\/11\/casting-bucket-150x150.jpg 150w, https:\/\/csumachine.com\/wp-content\/uploads\/2025\/11\/casting-bucket-12x12.jpg 12w, https:\/\/csumachine.com\/wp-content\/uploads\/2025\/11\/casting-bucket-100x100.jpg 100w\" sizes=\"(max-width: 780px) 100vw, 780px\" \/><\/p>\n<p>&nbsp;<\/p>","protected":false},"excerpt":{"rendered":"<p>The traditional excavator bucket is composed of tooth base plate, bottom plate, side plate,wall plate, hanging ear plate, back plate, bucket ear plate, bucket ear sleeve and other parts,Welding is the most critical and complex manufacturing process of bucket. The welding quality,directly affects the structural strength and service life of the bucket, and the welding [&hellip;]<\/p>","protected":false},"featured_media":871,"template":"","meta":[],"product_brand":[],"product_cat":[95,109,100,93],"product_tag":[],"class_list":{"0":"post-867","1":"product","2":"type-product","3":"status-publish","4":"has-post-thumbnail","6":"product_cat-all-brand","7":"product_cat-caterpillar","8":"product_cat-excavator-bucket","9":"product_cat-get-parts","11":"first","12":"instock","13":"shipping-taxable","14":"product-type-simple"},"yoast_head":"<!-- This site is optimized with the Yoast SEO plugin v25.9 - https:\/\/yoast.com\/wordpress\/plugins\/seo\/ -->\n<title>Traditional Welding Bucket and Integral Casting Bucket - csumachine.com<\/title>\n<meta name=\"robots\" content=\"index, follow, max-snippet:-1, max-image-preview:large, max-video-preview:-1\" \/>\n<link rel=\"canonical\" href=\"https:\/\/csumachine.com\/de\/product\/traditioneller-schweisloffel-und-integrierter-giesloffel\/\" \/>\n<meta property=\"og:locale\" content=\"de_DE\" \/>\n<meta property=\"og:type\" content=\"article\" \/>\n<meta property=\"og:title\" content=\"Traditional Welding Bucket and Integral Casting Bucket - csumachine.com\" \/>\n<meta property=\"og:description\" content=\"The traditional excavator bucket is composed of tooth base plate, bottom plate, side plate,wall plate, hanging ear plate, back plate, bucket ear plate, bucket ear sleeve and other parts,Welding is the most critical and complex manufacturing process of bucket. The welding quality,directly affects the structural strength and service life of the bucket, and the welding [&hellip;]\" \/>\n<meta property=\"og:url\" content=\"https:\/\/csumachine.com\/de\/product\/traditioneller-schweisloffel-und-integrierter-giesloffel\/\" \/>\n<meta property=\"og:site_name\" content=\"csumachine.com\" \/>\n<meta property=\"og:image\" content=\"https:\/\/csumachine.com\/wp-content\/uploads\/2025\/11\/Excavator-Bucket-1.jpg\" \/>\n\t<meta property=\"og:image:width\" content=\"800\" \/>\n\t<meta property=\"og:image:height\" content=\"800\" \/>\n\t<meta property=\"og:image:type\" content=\"image\/jpeg\" \/>\n<meta name=\"twitter:card\" content=\"summary_large_image\" \/>\n<meta name=\"twitter:label1\" content=\"Gesch\u00e4tzte Lesezeit\" \/>\n\t<meta name=\"twitter:data1\" content=\"2\u00a0Minuten\" \/>\n<script type=\"application\/ld+json\" class=\"yoast-schema-graph\">{\"@context\":\"https:\/\/schema.org\",\"@graph\":[{\"@type\":\"WebPage\",\"@id\":\"https:\/\/csumachine.com\/product\/traditional-welding-bucket-and-integral-casting-bucket\/\",\"url\":\"https:\/\/csumachine.com\/product\/traditional-welding-bucket-and-integral-casting-bucket\/\",\"name\":\"Traditional Welding Bucket and Integral Casting Bucket - csumachine.com\",\"isPartOf\":{\"@id\":\"https:\/\/csumachine.com\/#website\"},\"primaryImageOfPage\":{\"@id\":\"https:\/\/csumachine.com\/product\/traditional-welding-bucket-and-integral-casting-bucket\/#primaryimage\"},\"image\":{\"@id\":\"https:\/\/csumachine.com\/product\/traditional-welding-bucket-and-integral-casting-bucket\/#primaryimage\"},\"thumbnailUrl\":\"https:\/\/csumachine.com\/wp-content\/uploads\/2025\/11\/Excavator-Bucket-1.jpg\",\"datePublished\":\"2025-11-10T08:54:30+00:00\",\"breadcrumb\":{\"@id\":\"https:\/\/csumachine.com\/product\/traditional-welding-bucket-and-integral-casting-bucket\/#breadcrumb\"},\"inLanguage\":\"de\",\"potentialAction\":[{\"@type\":\"ReadAction\",\"target\":[\"https:\/\/csumachine.com\/product\/traditional-welding-bucket-and-integral-casting-bucket\/\"]}]},{\"@type\":\"ImageObject\",\"inLanguage\":\"de\",\"@id\":\"https:\/\/csumachine.com\/product\/traditional-welding-bucket-and-integral-casting-bucket\/#primaryimage\",\"url\":\"https:\/\/csumachine.com\/wp-content\/uploads\/2025\/11\/Excavator-Bucket-1.jpg\",\"contentUrl\":\"https:\/\/csumachine.com\/wp-content\/uploads\/2025\/11\/Excavator-Bucket-1.jpg\",\"width\":800,\"height\":800},{\"@type\":\"BreadcrumbList\",\"@id\":\"https:\/\/csumachine.com\/product\/traditional-welding-bucket-and-integral-casting-bucket\/#breadcrumb\",\"itemListElement\":[{\"@type\":\"ListItem\",\"position\":1,\"name\":\"HOME\",\"item\":\"https:\/\/csumachine.com\/\"},{\"@type\":\"ListItem\",\"position\":2,\"name\":\"\u4ea7\u54c1\",\"item\":\"https:\/\/csumachine.com\/shop__trashed\/\"},{\"@type\":\"ListItem\",\"position\":3,\"name\":\"Traditional Welding Bucket and Integral Casting Bucket\"}]},{\"@type\":\"WebSite\",\"@id\":\"https:\/\/csumachine.com\/#website\",\"url\":\"https:\/\/csumachine.com\/\",\"name\":\"csumachine.com\",\"description\":\"\",\"publisher\":{\"@id\":\"https:\/\/csumachine.com\/#organization\"},\"potentialAction\":[{\"@type\":\"SearchAction\",\"target\":{\"@type\":\"EntryPoint\",\"urlTemplate\":\"https:\/\/csumachine.com\/?s={search_term_string}\"},\"query-input\":{\"@type\":\"PropertyValueSpecification\",\"valueRequired\":true,\"valueName\":\"search_term_string\"}}],\"inLanguage\":\"de\"},{\"@type\":\"Organization\",\"@id\":\"https:\/\/csumachine.com\/#organization\",\"name\":\"csumachine.com\",\"url\":\"https:\/\/csumachine.com\/\",\"logo\":{\"@type\":\"ImageObject\",\"inLanguage\":\"de\",\"@id\":\"https:\/\/csumachine.com\/#\/schema\/logo\/image\/\",\"url\":\"https:\/\/csumachine.com\/wp-content\/uploads\/2025\/09\/logo03.jpg\",\"contentUrl\":\"https:\/\/csumachine.com\/wp-content\/uploads\/2025\/09\/logo03.jpg\",\"width\":148,\"height\":100,\"caption\":\"csumachine.com\"},\"image\":{\"@id\":\"https:\/\/csumachine.com\/#\/schema\/logo\/image\/\"}}]}<\/script>\n<!-- \/ Yoast SEO plugin. -->","yoast_head_json":{"title":"Traditioneller Schwei\u00dfl\u00f6ffel und Integralgie\u00dfl\u00f6ffel - csumachine.com","robots":{"index":"index","follow":"follow","max-snippet":"max-snippet:-1","max-image-preview":"max-image-preview:large","max-video-preview":"max-video-preview:-1"},"canonical":"https:\/\/csumachine.com\/de\/product\/traditioneller-schweisloffel-und-integrierter-giesloffel\/","og_locale":"de_DE","og_type":"article","og_title":"Traditional Welding Bucket and Integral Casting Bucket - csumachine.com","og_description":"The traditional excavator bucket is composed of tooth base plate, bottom plate, side plate,wall plate, hanging ear plate, back plate, bucket ear plate, bucket ear sleeve and other parts,Welding is the most critical and complex manufacturing process of bucket. The welding quality,directly affects the structural strength and service life of the bucket, and the welding [&hellip;]","og_url":"https:\/\/csumachine.com\/de\/product\/traditioneller-schweisloffel-und-integrierter-giesloffel\/","og_site_name":"csumachine.com","og_image":[{"width":800,"height":800,"url":"https:\/\/csumachine.com\/wp-content\/uploads\/2025\/11\/Excavator-Bucket-1.jpg","type":"image\/jpeg"}],"twitter_card":"summary_large_image","twitter_misc":{"Gesch\u00e4tzte Lesezeit":"2\u00a0Minuten"},"schema":{"@context":"https:\/\/schema.org","@graph":[{"@type":"WebPage","@id":"https:\/\/csumachine.com\/product\/traditional-welding-bucket-and-integral-casting-bucket\/","url":"https:\/\/csumachine.com\/product\/traditional-welding-bucket-and-integral-casting-bucket\/","name":"Traditioneller Schwei\u00dfl\u00f6ffel und Integralgie\u00dfl\u00f6ffel - csumachine.com","isPartOf":{"@id":"https:\/\/csumachine.com\/#website"},"primaryImageOfPage":{"@id":"https:\/\/csumachine.com\/product\/traditional-welding-bucket-and-integral-casting-bucket\/#primaryimage"},"image":{"@id":"https:\/\/csumachine.com\/product\/traditional-welding-bucket-and-integral-casting-bucket\/#primaryimage"},"thumbnailUrl":"https:\/\/csumachine.com\/wp-content\/uploads\/2025\/11\/Excavator-Bucket-1.jpg","datePublished":"2025-11-10T08:54:30+00:00","breadcrumb":{"@id":"https:\/\/csumachine.com\/product\/traditional-welding-bucket-and-integral-casting-bucket\/#breadcrumb"},"inLanguage":"de","potentialAction":[{"@type":"ReadAction","target":["https:\/\/csumachine.com\/product\/traditional-welding-bucket-and-integral-casting-bucket\/"]}]},{"@type":"ImageObject","inLanguage":"de","@id":"https:\/\/csumachine.com\/product\/traditional-welding-bucket-and-integral-casting-bucket\/#primaryimage","url":"https:\/\/csumachine.com\/wp-content\/uploads\/2025\/11\/Excavator-Bucket-1.jpg","contentUrl":"https:\/\/csumachine.com\/wp-content\/uploads\/2025\/11\/Excavator-Bucket-1.jpg","width":800,"height":800},{"@type":"BreadcrumbList","@id":"https:\/\/csumachine.com\/product\/traditional-welding-bucket-and-integral-casting-bucket\/#breadcrumb","itemListElement":[{"@type":"ListItem","position":1,"name":"HOME","item":"https:\/\/csumachine.com\/"},{"@type":"ListItem","position":2,"name":"\u4ea7\u54c1","item":"https:\/\/csumachine.com\/shop__trashed\/"},{"@type":"ListItem","position":3,"name":"Traditional Welding Bucket and Integral Casting Bucket"}]},{"@type":"WebSite","@id":"https:\/\/csumachine.com\/#website","url":"https:\/\/csumachine.com\/","name":"csumachine.com","description":"","publisher":{"@id":"https:\/\/csumachine.com\/#organization"},"potentialAction":[{"@type":"SearchAction","target":{"@type":"EntryPoint","urlTemplate":"https:\/\/csumachine.com\/?s={search_term_string}"},"query-input":{"@type":"PropertyValueSpecification","valueRequired":true,"valueName":"search_term_string"}}],"inLanguage":"de"},{"@type":"Organization","@id":"https:\/\/csumachine.com\/#organization","name":"csumachine.com","url":"https:\/\/csumachine.com\/","logo":{"@type":"ImageObject","inLanguage":"de","@id":"https:\/\/csumachine.com\/#\/schema\/logo\/image\/","url":"https:\/\/csumachine.com\/wp-content\/uploads\/2025\/09\/logo03.jpg","contentUrl":"https:\/\/csumachine.com\/wp-content\/uploads\/2025\/09\/logo03.jpg","width":148,"height":100,"caption":"csumachine.com"},"image":{"@id":"https:\/\/csumachine.com\/#\/schema\/logo\/image\/"}}]}},"_links":{"self":[{"href":"https:\/\/csumachine.com\/de\/wp-json\/wp\/v2\/product\/867","targetHints":{"allow":["GET"]}}],"collection":[{"href":"https:\/\/csumachine.com\/de\/wp-json\/wp\/v2\/product"}],"about":[{"href":"https:\/\/csumachine.com\/de\/wp-json\/wp\/v2\/types\/product"}],"wp:featuredmedia":[{"embeddable":true,"href":"https:\/\/csumachine.com\/de\/wp-json\/wp\/v2\/media\/871"}],"wp:attachment":[{"href":"https:\/\/csumachine.com\/de\/wp-json\/wp\/v2\/media?parent=867"}],"wp:term":[{"taxonomy":"product_brand","embeddable":true,"href":"https:\/\/csumachine.com\/de\/wp-json\/wp\/v2\/product_brand?post=867"},{"taxonomy":"product_cat","embeddable":true,"href":"https:\/\/csumachine.com\/de\/wp-json\/wp\/v2\/product_cat?post=867"},{"taxonomy":"product_tag","embeddable":true,"href":"https:\/\/csumachine.com\/de\/wp-json\/wp\/v2\/product_tag?post=867"}],"curies":[{"name":"wp","href":"https:\/\/api.w.org\/{rel}","templated":true}]}}