{"id":847,"date":"2025-10-09T08:21:33","date_gmt":"2025-10-09T08:21:33","guid":{"rendered":"https:\/\/csumachine.com\/?post_type=product&#038;p=847"},"modified":"2025-10-09T08:21:33","modified_gmt":"2025-10-09T08:21:33","slug":"cat-k-series-baggerzahne","status":"publish","type":"product","link":"https:\/\/csumachine.com\/de\/product\/cat-k-series-baggerzahne\/","title":{"rendered":"Cat Schaufelz\u00e4hne der Serie K"},"content":{"rendered":"<h1>K-Serie\u2122 Tipps<\/h1>\n<p>Die Baggerl\u00f6ffelspitzen der Cat K-Serie verf\u00fcgen \u00fcber ein neues vertikales R\u00fcckhaltesystem, das einen schnellen und einfachen Spitzenwechsel erm\u00f6glicht. Eine neue Verriegelungsschnittstelle bei jedem Spitzenwechsel verbessert die Zuverl\u00e4ssigkeit der Halterung. Das niedrigere Profil verbessert die Eindringtiefe und die Lebensdauer.<\/p>\n<p><img fetchpriority=\"high\" decoding=\"async\" class=\"alignnone size-full wp-image-848\" src=\"https:\/\/csumachine.com\/wp-content\/uploads\/2025\/10\/General-Duty-Tip.jpg\" alt=\"\" width=\"750\" height=\"422\" srcset=\"https:\/\/csumachine.com\/wp-content\/uploads\/2025\/10\/General-Duty-Tip.jpg 750w, https:\/\/csumachine.com\/wp-content\/uploads\/2025\/10\/General-Duty-Tip-300x169.jpg 300w, https:\/\/csumachine.com\/wp-content\/uploads\/2025\/10\/General-Duty-Tip-18x10.jpg 18w, https:\/\/csumachine.com\/wp-content\/uploads\/2025\/10\/General-Duty-Tip-600x338.jpg 600w\" sizes=\"(max-width: 750px) 100vw, 750px\" \/><\/p>\n<h2>1. allgemeiner Tipp<\/h2>\n<ul>\n<li>Allgemeiner Aushub und Belastung bei m\u00e4\u00dfigem Aufprall\/Abrieb.<\/li>\n<li>M\u00e4\u00dfige Durchdringung.<\/li>\n<li>Symmetrische, selbstsch\u00e4rfende Kavit\u00e4ten oben und unten.<\/li>\n<\/ul>\n<p><img decoding=\"async\" class=\"alignnone size-full wp-image-849\" src=\"https:\/\/csumachine.com\/wp-content\/uploads\/2025\/10\/Extra-Duty-Tip.jpg\" alt=\"\" width=\"750\" height=\"422\" srcset=\"https:\/\/csumachine.com\/wp-content\/uploads\/2025\/10\/Extra-Duty-Tip.jpg 750w, https:\/\/csumachine.com\/wp-content\/uploads\/2025\/10\/Extra-Duty-Tip-300x169.jpg 300w, https:\/\/csumachine.com\/wp-content\/uploads\/2025\/10\/Extra-Duty-Tip-18x10.jpg 18w, https:\/\/csumachine.com\/wp-content\/uploads\/2025\/10\/Extra-Duty-Tip-600x338.jpg 600w\" sizes=\"(max-width: 750px) 100vw, 750px\" \/><\/p>\n<h2>2. besonders belastbare Spitze<\/h2>\n<ul>\n<li>Allgemeiner Aushub und Verladung mit mehr Verschlei\u00dfmaterial.<\/li>\n<li>M\u00e4\u00dfige Wirkung, m\u00e4\u00dfige Penetration.<\/li>\n<li>Obere selbstsch\u00e4rfende Vertiefung<\/li>\n<\/ul>\n<p><img decoding=\"async\" class=\"alignnone size-full wp-image-850\" src=\"https:\/\/csumachine.com\/wp-content\/uploads\/2025\/10\/Penetration-Tip.jpg\" alt=\"\" width=\"750\" height=\"422\" srcset=\"https:\/\/csumachine.com\/wp-content\/uploads\/2025\/10\/Penetration-Tip.jpg 750w, https:\/\/csumachine.com\/wp-content\/uploads\/2025\/10\/Penetration-Tip-300x169.jpg 300w, https:\/\/csumachine.com\/wp-content\/uploads\/2025\/10\/Penetration-Tip-18x10.jpg 18w, https:\/\/csumachine.com\/wp-content\/uploads\/2025\/10\/Penetration-Tip-600x338.jpg 600w\" sizes=\"(max-width: 750px) 100vw, 750px\" \/><\/p>\n<h2>3. eindringende Spitze<\/h2>\n<ul>\n<li>F\u00fcr schwer zu durchdringende, m\u00e4\u00dfig schlagende, weniger abriebfeste Materialien.<\/li>\n<li>Sehr gute Durchdringung.<\/li>\n<li>Obere Rippe, unterer Hohlraum zum Scharfhalten.<\/li>\n<\/ul>\n<p><img loading=\"lazy\" decoding=\"async\" class=\"alignnone size-full wp-image-851\" src=\"https:\/\/csumachine.com\/wp-content\/uploads\/2025\/10\/Penetration-Plus-Tip.jpg\" alt=\"\" width=\"750\" height=\"422\" srcset=\"https:\/\/csumachine.com\/wp-content\/uploads\/2025\/10\/Penetration-Plus-Tip.jpg 750w, https:\/\/csumachine.com\/wp-content\/uploads\/2025\/10\/Penetration-Plus-Tip-300x169.jpg 300w, https:\/\/csumachine.com\/wp-content\/uploads\/2025\/10\/Penetration-Plus-Tip-18x10.jpg 18w, https:\/\/csumachine.com\/wp-content\/uploads\/2025\/10\/Penetration-Plus-Tip-600x338.jpg 600w\" sizes=\"(max-width: 750px) 100vw, 750px\" \/><\/p>\n<h2>4. die Penetration Plus Spitze<\/h2>\n<ul>\n<li>Grabenbau, Aushub und Verladung mit hoher Schlagkraft.<\/li>\n<li>Gutes Eindringen, bleibt scharf.<\/li>\n<li>Symmetrisch, oben und unten gerippt.<\/li>\n<\/ul>\n<p><img loading=\"lazy\" decoding=\"async\" class=\"alignnone size-full wp-image-852\" src=\"https:\/\/csumachine.com\/wp-content\/uploads\/2025\/10\/Spike-Tip.jpg\" alt=\"\" width=\"750\" height=\"422\" srcset=\"https:\/\/csumachine.com\/wp-content\/uploads\/2025\/10\/Spike-Tip.jpg 750w, https:\/\/csumachine.com\/wp-content\/uploads\/2025\/10\/Spike-Tip-300x169.jpg 300w, https:\/\/csumachine.com\/wp-content\/uploads\/2025\/10\/Spike-Tip-18x10.jpg 18w, https:\/\/csumachine.com\/wp-content\/uploads\/2025\/10\/Spike-Tip-600x338.jpg 600w\" sizes=\"(max-width: 750px) 100vw, 750px\" \/><\/p>\n<h2>5.Spike Tipp<\/h2>\n<ul>\n<li>F\u00fcr maximale Penetration, insbesondere in koh\u00e4sivem Material.<\/li>\n<li>Bleibt scharf und erh\u00f6ht die Lebensdauer.<\/li>\n<li>Rippendesign oben und unten.<\/li>\n<\/ul>\n<p><img loading=\"lazy\" decoding=\"async\" class=\"alignnone size-full wp-image-853\" src=\"https:\/\/csumachine.com\/wp-content\/uploads\/2025\/10\/Double-Spike-Tip.jpg\" alt=\"\" width=\"750\" height=\"422\" srcset=\"https:\/\/csumachine.com\/wp-content\/uploads\/2025\/10\/Double-Spike-Tip.jpg 750w, https:\/\/csumachine.com\/wp-content\/uploads\/2025\/10\/Double-Spike-Tip-300x169.jpg 300w, https:\/\/csumachine.com\/wp-content\/uploads\/2025\/10\/Double-Spike-Tip-18x10.jpg 18w, https:\/\/csumachine.com\/wp-content\/uploads\/2025\/10\/Double-Spike-Tip-600x338.jpg 600w\" sizes=\"(max-width: 750px) 100vw, 750px\" \/><\/p>\n<h2>6. doppelte Spike-Spitze<\/h2>\n<ul>\n<li>F\u00fcr schwer zu durchdringende, zerbrechliche Materialien.<\/li>\n<li>Sehr gute Penetration, bleibt scharf.<\/li>\n<li>Verwendung in Eckpositionen mit Spike Centers.<\/li>\n<li>Die L\u00e4nge passt zum Spike.<\/li>\n<\/ul>\n<p><img loading=\"lazy\" decoding=\"async\" class=\"alignnone size-full wp-image-854\" src=\"https:\/\/csumachine.com\/wp-content\/uploads\/2025\/10\/Wide-Tip.jpg\" alt=\"\" width=\"750\" height=\"422\" srcset=\"https:\/\/csumachine.com\/wp-content\/uploads\/2025\/10\/Wide-Tip.jpg 750w, https:\/\/csumachine.com\/wp-content\/uploads\/2025\/10\/Wide-Tip-300x169.jpg 300w, https:\/\/csumachine.com\/wp-content\/uploads\/2025\/10\/Wide-Tip-18x10.jpg 18w, https:\/\/csumachine.com\/wp-content\/uploads\/2025\/10\/Wide-Tip-600x338.jpg 600w\" sizes=\"(max-width: 750px) 100vw, 750px\" \/><\/p>\n<h2>7. breite Spitze<\/h2>\n<ul>\n<li>F\u00fcr leicht zu durchdringende Grabenbauanwendungen.<\/li>\n<li>Geringe Auswirkungen.<\/li>\n<li>Glatte Bodengr\u00e4ben.<\/li>\n<\/ul>\n<h1><strong>OEM-Anzeige<\/strong><\/h1>\n<table style=\"border-collapse: collapse; width: 1452px; height: 370px;\" border=\"0\" width=\"696\" cellspacing=\"0\" cellpadding=\"0\">\n<tbody>\n<tr style=\"height: 14.40pt;\">\n<td class=\"et2\" style=\"height: 14.40pt; width: 81.60pt;\" width=\"136\" height=\"24\"><\/td>\n<td class=\"et2\" style=\"width: 48.00pt;\" width=\"80\">K80<\/td>\n<td class=\"et2\" style=\"width: 48.00pt;\" width=\"80\">K90<\/td>\n<td class=\"et2\" style=\"width: 48.00pt;\" width=\"80\">K100<\/td>\n<td class=\"et2\" style=\"width: 48.00pt;\" width=\"80\">K110<\/td>\n<td class=\"et2\" style=\"width: 48.00pt;\" width=\"80\">K130<\/td>\n<td class=\"et2\" style=\"width: 48.00pt;\" width=\"80\">K150<\/td>\n<td class=\"et2\" style=\"width: 48.00pt;\" width=\"80\">K170<\/td>\n<\/tr>\n<tr style=\"height: 14.40pt;\">\n<td class=\"et3\" style=\"height: 14.40pt;\" height=\"24\">Allgemeiner Zoll<\/td>\n<td class=\"et4\">20-9089<\/td>\n<td class=\"et4\">220-9099<\/td>\n<td class=\"et4\">220-9109<\/td>\n<td class=\"et4\">220-9119<\/td>\n<td class=\"et4\">220-9139<\/td>\n<td class=\"et4\">229-7159<\/td>\n<td class=\"et4\">232-0179<\/td>\n<\/tr>\n<tr style=\"height: 14.40pt;\">\n<td class=\"et3\" style=\"height: 14.40pt;\" height=\"24\">Extra Duty<\/td>\n<td class=\"et4\">220-9081<\/td>\n<td class=\"et4\">220-9091<\/td>\n<td class=\"et4\">220-9101<\/td>\n<td class=\"et4\">232-2111<\/td>\n<td class=\"et4\">264-2131<\/td>\n<td class=\"et4\">264-2151<\/td>\n<td class=\"et4\">264-2171<\/td>\n<\/tr>\n<tr style=\"height: 14.40pt;\">\n<td class=\"et3\" style=\"height: 14.40pt;\" height=\"24\">Penetration<\/td>\n<td class=\"et4\">220-9082<\/td>\n<td class=\"et4\">220-9092<\/td>\n<td class=\"et4\">220-9102<\/td>\n<td class=\"et4\">220-9112<\/td>\n<td class=\"et4\">220-9132<\/td>\n<td class=\"et4\">229-7152<\/td>\n<td class=\"et4\">232-0172<\/td>\n<\/tr>\n<tr style=\"height: 14.40pt;\">\n<td class=\"et3\" style=\"height: 14.40pt;\" height=\"24\">Durchdringung Plus<\/td>\n<td class=\"et4\">220-9083<\/td>\n<td class=\"et4\">220-9093<\/td>\n<td class=\"et4\">220-9103<\/td>\n<td class=\"et4\">220-9113<\/td>\n<td class=\"et4\">220-9133<\/td>\n<td class=\"et4\">229-7153<\/td>\n<td class=\"et4\">232-0173<\/td>\n<\/tr>\n<tr style=\"height: 14.40pt;\">\n<td class=\"et3\" style=\"height: 14.40pt;\" height=\"24\">Spike<\/td>\n<td class=\"et4\">220-9087<\/td>\n<td class=\"et4\">220-9097<\/td>\n<td class=\"et4\">220-9107<\/td>\n<td class=\"et4\">220-9117<\/td>\n<td class=\"et4\">220-9137<\/td>\n<td class=\"et4\">229-7157<\/td>\n<td class=\"et4\">232-0177<\/td>\n<\/tr>\n<tr style=\"height: 14.40pt;\">\n<td class=\"et3\" style=\"height: 14.40pt;\" height=\"24\">Doppelter Spike<\/td>\n<td class=\"et4\">220-9088<\/td>\n<td class=\"et4\">220-9098<\/td>\n<td class=\"et4\">220-9108<\/td>\n<td class=\"et4\">220-9118<\/td>\n<td class=\"et4\">220-9138<\/td>\n<td class=\"et4\">229-7158<\/td>\n<td class=\"et4\">232-0178<\/td>\n<\/tr>\n<tr style=\"height: 14.40pt;\">\n<td class=\"et3\" style=\"height: 14.40pt;\" height=\"24\">Breit<\/td>\n<td class=\"et4\">222-1080<\/td>\n<td class=\"et4\">222-1090<\/td>\n<td class=\"et4\">223-8100<\/td>\n<td class=\"et4\">223-8110<\/td>\n<td class=\"et4\">223-8130<\/td>\n<td class=\"et4\">195-5151<\/td>\n<td class=\"et4\">223-8170<\/td>\n<\/tr>\n<tr style=\"height: 14.40pt;\">\n<td class=\"et3\" style=\"height: 14.40pt;\" height=\"24\">Halterung<\/td>\n<td class=\"et4\">220-9090<\/td>\n<td class=\"et4\">220-9090<\/td>\n<td class=\"et4\">220-9090<\/td>\n<td class=\"et4\">220-9110<\/td>\n<td class=\"et4\">220-9130<\/td>\n<td class=\"et4\">233-7150<\/td>\n<td class=\"et4\">232-0170<\/td>\n<\/tr>\n<\/tbody>\n<\/table>","protected":false},"excerpt":{"rendered":"<p>K Series\u2122 Tips Cat K Series excavator bucket tips use a new vertical retention system that allows quick and easy tip changes. Providing a new locking interface at every tip change to improve retention reliability. Lower profile improves penetration and wear life. 1.General Duty Tip General excavation and loading in moderate impact\/abrasion. Moderate penetration. Symmetric, [&hellip;]<\/p>","protected":false},"featured_media":855,"template":"","meta":[],"product_brand":[],"product_cat":[95,101,109,93],"product_tag":[],"class_list":{"0":"post-847","1":"product","2":"type-product","3":"status-publish","4":"has-post-thumbnail","6":"product_cat-all-brand","7":"product_cat-bucket-teeth","8":"product_cat-caterpillar","9":"product_cat-get-parts","11":"first","12":"instock","13":"shipping-taxable","14":"product-type-simple"},"yoast_head":"<!-- This site is optimized with the Yoast SEO plugin v25.9 - https:\/\/yoast.com\/wordpress\/plugins\/seo\/ -->\n<title>Cat K Series Bucket Teeth - csumachine.com<\/title>\n<meta name=\"robots\" content=\"index, follow, max-snippet:-1, max-image-preview:large, max-video-preview:-1\" \/>\n<link rel=\"canonical\" href=\"https:\/\/csumachine.com\/de\/product\/cat-k-series-baggerzahne\/\" \/>\n<meta property=\"og:locale\" content=\"de_DE\" \/>\n<meta property=\"og:type\" content=\"article\" \/>\n<meta property=\"og:title\" content=\"Cat K Series Bucket Teeth - csumachine.com\" \/>\n<meta property=\"og:description\" content=\"K Series\u2122 Tips Cat K Series excavator bucket tips use a new vertical retention system that allows quick and easy tip changes. Providing a new locking interface at every tip change to improve retention reliability. Lower profile improves penetration and wear life. 1.General Duty Tip General excavation and loading in moderate impact\/abrasion. Moderate penetration. Symmetric, [&hellip;]\" \/>\n<meta property=\"og:url\" content=\"https:\/\/csumachine.com\/de\/product\/cat-k-series-baggerzahne\/\" \/>\n<meta property=\"og:site_name\" content=\"csumachine.com\" \/>\n<meta property=\"og:image\" content=\"https:\/\/csumachine.com\/wp-content\/uploads\/2025\/10\/220-9097-Bucket-Teeth.jpg\" \/>\n\t<meta property=\"og:image:width\" content=\"750\" \/>\n\t<meta property=\"og:image:height\" content=\"750\" \/>\n\t<meta property=\"og:image:type\" content=\"image\/jpeg\" \/>\n<meta name=\"twitter:card\" content=\"summary_large_image\" \/>\n<meta name=\"twitter:label1\" content=\"Gesch\u00e4tzte Lesezeit\" \/>\n\t<meta name=\"twitter:data1\" content=\"3\u00a0Minuten\" \/>\n<script type=\"application\/ld+json\" class=\"yoast-schema-graph\">{\"@context\":\"https:\/\/schema.org\",\"@graph\":[{\"@type\":\"WebPage\",\"@id\":\"https:\/\/csumachine.com\/product\/cat-k-series-bucket-teeth\/\",\"url\":\"https:\/\/csumachine.com\/product\/cat-k-series-bucket-teeth\/\",\"name\":\"Cat K Series Bucket Teeth - csumachine.com\",\"isPartOf\":{\"@id\":\"https:\/\/csumachine.com\/#website\"},\"primaryImageOfPage\":{\"@id\":\"https:\/\/csumachine.com\/product\/cat-k-series-bucket-teeth\/#primaryimage\"},\"image\":{\"@id\":\"https:\/\/csumachine.com\/product\/cat-k-series-bucket-teeth\/#primaryimage\"},\"thumbnailUrl\":\"https:\/\/csumachine.com\/wp-content\/uploads\/2025\/10\/220-9097-Bucket-Teeth.jpg\",\"datePublished\":\"2025-10-09T08:21:33+00:00\",\"breadcrumb\":{\"@id\":\"https:\/\/csumachine.com\/product\/cat-k-series-bucket-teeth\/#breadcrumb\"},\"inLanguage\":\"de\",\"potentialAction\":[{\"@type\":\"ReadAction\",\"target\":[\"https:\/\/csumachine.com\/product\/cat-k-series-bucket-teeth\/\"]}]},{\"@type\":\"ImageObject\",\"inLanguage\":\"de\",\"@id\":\"https:\/\/csumachine.com\/product\/cat-k-series-bucket-teeth\/#primaryimage\",\"url\":\"https:\/\/csumachine.com\/wp-content\/uploads\/2025\/10\/220-9097-Bucket-Teeth.jpg\",\"contentUrl\":\"https:\/\/csumachine.com\/wp-content\/uploads\/2025\/10\/220-9097-Bucket-Teeth.jpg\",\"width\":750,\"height\":750},{\"@type\":\"BreadcrumbList\",\"@id\":\"https:\/\/csumachine.com\/product\/cat-k-series-bucket-teeth\/#breadcrumb\",\"itemListElement\":[{\"@type\":\"ListItem\",\"position\":1,\"name\":\"HOME\",\"item\":\"https:\/\/csumachine.com\/\"},{\"@type\":\"ListItem\",\"position\":2,\"name\":\"\u4ea7\u54c1\",\"item\":\"https:\/\/csumachine.com\/shop__trashed\/\"},{\"@type\":\"ListItem\",\"position\":3,\"name\":\"Cat K Series Bucket Teeth\"}]},{\"@type\":\"WebSite\",\"@id\":\"https:\/\/csumachine.com\/#website\",\"url\":\"https:\/\/csumachine.com\/\",\"name\":\"csumachine.com\",\"description\":\"\",\"publisher\":{\"@id\":\"https:\/\/csumachine.com\/#organization\"},\"potentialAction\":[{\"@type\":\"SearchAction\",\"target\":{\"@type\":\"EntryPoint\",\"urlTemplate\":\"https:\/\/csumachine.com\/?s={search_term_string}\"},\"query-input\":{\"@type\":\"PropertyValueSpecification\",\"valueRequired\":true,\"valueName\":\"search_term_string\"}}],\"inLanguage\":\"de\"},{\"@type\":\"Organization\",\"@id\":\"https:\/\/csumachine.com\/#organization\",\"name\":\"csumachine.com\",\"url\":\"https:\/\/csumachine.com\/\",\"logo\":{\"@type\":\"ImageObject\",\"inLanguage\":\"de\",\"@id\":\"https:\/\/csumachine.com\/#\/schema\/logo\/image\/\",\"url\":\"https:\/\/csumachine.com\/wp-content\/uploads\/2025\/09\/logo03.jpg\",\"contentUrl\":\"https:\/\/csumachine.com\/wp-content\/uploads\/2025\/09\/logo03.jpg\",\"width\":148,\"height\":100,\"caption\":\"csumachine.com\"},\"image\":{\"@id\":\"https:\/\/csumachine.com\/#\/schema\/logo\/image\/\"}}]}<\/script>\n<!-- \/ Yoast SEO plugin. -->","yoast_head_json":{"title":"Cat Schaufelz\u00e4hne der Serie K - csumachine.com","robots":{"index":"index","follow":"follow","max-snippet":"max-snippet:-1","max-image-preview":"max-image-preview:large","max-video-preview":"max-video-preview:-1"},"canonical":"https:\/\/csumachine.com\/de\/product\/cat-k-series-baggerzahne\/","og_locale":"de_DE","og_type":"article","og_title":"Cat K Series Bucket Teeth - csumachine.com","og_description":"K Series\u2122 Tips Cat K Series excavator bucket tips use a new vertical retention system that allows quick and easy tip changes. Providing a new locking interface at every tip change to improve retention reliability. Lower profile improves penetration and wear life. 1.General Duty Tip General excavation and loading in moderate impact\/abrasion. Moderate penetration. Symmetric, [&hellip;]","og_url":"https:\/\/csumachine.com\/de\/product\/cat-k-series-baggerzahne\/","og_site_name":"csumachine.com","og_image":[{"width":750,"height":750,"url":"https:\/\/csumachine.com\/wp-content\/uploads\/2025\/10\/220-9097-Bucket-Teeth.jpg","type":"image\/jpeg"}],"twitter_card":"summary_large_image","twitter_misc":{"Gesch\u00e4tzte Lesezeit":"3\u00a0Minuten"},"schema":{"@context":"https:\/\/schema.org","@graph":[{"@type":"WebPage","@id":"https:\/\/csumachine.com\/product\/cat-k-series-bucket-teeth\/","url":"https:\/\/csumachine.com\/product\/cat-k-series-bucket-teeth\/","name":"Cat Schaufelz\u00e4hne der Serie K - csumachine.com","isPartOf":{"@id":"https:\/\/csumachine.com\/#website"},"primaryImageOfPage":{"@id":"https:\/\/csumachine.com\/product\/cat-k-series-bucket-teeth\/#primaryimage"},"image":{"@id":"https:\/\/csumachine.com\/product\/cat-k-series-bucket-teeth\/#primaryimage"},"thumbnailUrl":"https:\/\/csumachine.com\/wp-content\/uploads\/2025\/10\/220-9097-Bucket-Teeth.jpg","datePublished":"2025-10-09T08:21:33+00:00","breadcrumb":{"@id":"https:\/\/csumachine.com\/product\/cat-k-series-bucket-teeth\/#breadcrumb"},"inLanguage":"de","potentialAction":[{"@type":"ReadAction","target":["https:\/\/csumachine.com\/product\/cat-k-series-bucket-teeth\/"]}]},{"@type":"ImageObject","inLanguage":"de","@id":"https:\/\/csumachine.com\/product\/cat-k-series-bucket-teeth\/#primaryimage","url":"https:\/\/csumachine.com\/wp-content\/uploads\/2025\/10\/220-9097-Bucket-Teeth.jpg","contentUrl":"https:\/\/csumachine.com\/wp-content\/uploads\/2025\/10\/220-9097-Bucket-Teeth.jpg","width":750,"height":750},{"@type":"BreadcrumbList","@id":"https:\/\/csumachine.com\/product\/cat-k-series-bucket-teeth\/#breadcrumb","itemListElement":[{"@type":"ListItem","position":1,"name":"HOME","item":"https:\/\/csumachine.com\/"},{"@type":"ListItem","position":2,"name":"\u4ea7\u54c1","item":"https:\/\/csumachine.com\/shop__trashed\/"},{"@type":"ListItem","position":3,"name":"Cat K Series Bucket Teeth"}]},{"@type":"WebSite","@id":"https:\/\/csumachine.com\/#website","url":"https:\/\/csumachine.com\/","name":"csumachine.com","description":"","publisher":{"@id":"https:\/\/csumachine.com\/#organization"},"potentialAction":[{"@type":"SearchAction","target":{"@type":"EntryPoint","urlTemplate":"https:\/\/csumachine.com\/?s={search_term_string}"},"query-input":{"@type":"PropertyValueSpecification","valueRequired":true,"valueName":"search_term_string"}}],"inLanguage":"de"},{"@type":"Organization","@id":"https:\/\/csumachine.com\/#organization","name":"csumachine.com","url":"https:\/\/csumachine.com\/","logo":{"@type":"ImageObject","inLanguage":"de","@id":"https:\/\/csumachine.com\/#\/schema\/logo\/image\/","url":"https:\/\/csumachine.com\/wp-content\/uploads\/2025\/09\/logo03.jpg","contentUrl":"https:\/\/csumachine.com\/wp-content\/uploads\/2025\/09\/logo03.jpg","width":148,"height":100,"caption":"csumachine.com"},"image":{"@id":"https:\/\/csumachine.com\/#\/schema\/logo\/image\/"}}]}},"_links":{"self":[{"href":"https:\/\/csumachine.com\/de\/wp-json\/wp\/v2\/product\/847","targetHints":{"allow":["GET"]}}],"collection":[{"href":"https:\/\/csumachine.com\/de\/wp-json\/wp\/v2\/product"}],"about":[{"href":"https:\/\/csumachine.com\/de\/wp-json\/wp\/v2\/types\/product"}],"wp:featuredmedia":[{"embeddable":true,"href":"https:\/\/csumachine.com\/de\/wp-json\/wp\/v2\/media\/855"}],"wp:attachment":[{"href":"https:\/\/csumachine.com\/de\/wp-json\/wp\/v2\/media?parent=847"}],"wp:term":[{"taxonomy":"product_brand","embeddable":true,"href":"https:\/\/csumachine.com\/de\/wp-json\/wp\/v2\/product_brand?post=847"},{"taxonomy":"product_cat","embeddable":true,"href":"https:\/\/csumachine.com\/de\/wp-json\/wp\/v2\/product_cat?post=847"},{"taxonomy":"product_tag","embeddable":true,"href":"https:\/\/csumachine.com\/de\/wp-json\/wp\/v2\/product_tag?post=847"}],"curies":[{"name":"wp","href":"https:\/\/api.w.org\/{rel}","templated":true}]}}