{"id":695,"date":"2025-09-22T09:18:06","date_gmt":"2025-09-22T09:18:06","guid":{"rendered":"https:\/\/csumachine.com\/?post_type=product&#038;p=695"},"modified":"2025-09-22T09:20:55","modified_gmt":"2025-09-22T09:20:55","slug":"102-6686-segment-anzug-raupe-d10n-planierraupen","status":"publish","type":"product","link":"https:\/\/csumachine.com\/de\/product\/102-6686-segment-anzug-raupe-d10n-planierraupen\/","title":{"rendered":"102-6686 Segment Anzug CATERPILLAR D10N Planierraupen"},"content":{"rendered":"<div class=\"row\">\n<div class=\"col-md-6\">\n<div><b>Marke der Maschine:<\/b><\/div>\n<div>CATERPILLAR<\/div>\n<div><b>Maschinenart:<\/b><\/div>\n<div>Planierraupen<\/div>\n<div><b>Modell:<\/b><\/div>\n<div>D10N<\/div>\n<\/div>\n<div class=\"col-md-6\">\n<div><b>Abschnitt 1<\/b><\/div>\n<div><b>CTHS0110N005<\/b><\/div>\n<div><b>Gewicht:<\/b><\/div>\n<div>27,67 kg<\/div>\n<div><img fetchpriority=\"high\" decoding=\"async\" class=\"alignnone size-full wp-image-697\" src=\"https:\/\/csumachine.com\/wp-content\/uploads\/2025\/09\/D10N-SEGMENT.png\" alt=\"\" width=\"1280\" height=\"945\" srcset=\"https:\/\/csumachine.com\/wp-content\/uploads\/2025\/09\/D10N-SEGMENT.png 1280w, https:\/\/csumachine.com\/wp-content\/uploads\/2025\/09\/D10N-SEGMENT-300x221.png 300w, https:\/\/csumachine.com\/wp-content\/uploads\/2025\/09\/D10N-SEGMENT-1024x756.png 1024w, https:\/\/csumachine.com\/wp-content\/uploads\/2025\/09\/D10N-SEGMENT-768x567.png 768w, https:\/\/csumachine.com\/wp-content\/uploads\/2025\/09\/D10N-SEGMENT-600x443.png 600w\" sizes=\"(max-width: 1280px) 100vw, 1280px\" \/><\/div>\n<\/div>\n<\/div>\n<div><b>Einzelheiten:<\/b><\/div>\n<div>\n<table class=\"tabella\" border=\"0\" width=\"100%\" cellspacing=\"1\" cellpadding=\"0\">\n<tbody>\n<tr>\n<td width=\"25%\">\n<div>Z<\/div>\n<div class=\"produs_dimensiuni_valori\">5<\/div>\n<div><\/div>\n<\/td>\n<td width=\"25%\">\n<div>L\u00f6cher Nummern<\/div>\n<div class=\"produs_dimensiuni_valori\">6<\/div>\n<div><\/div>\n<\/td>\n<td width=\"25%\">\n<div>\u00f8A<\/div>\n<div class=\"produs_dimensiuni_valori\">1046,9<\/div>\n<div><\/div>\n<\/td>\n<td width=\"25%\">\n<div>\u00f8B<\/div>\n<div class=\"produs_dimensiuni_valori\">1058<\/div>\n<div><\/div>\n<\/td>\n<\/tr>\n<tr>\n<td width=\"25%\">\n<div>\u00f8C<\/div>\n<div class=\"produs_dimensiuni_valori\">950<\/div>\n<div><\/div>\n<\/td>\n<td width=\"25%\">\n<div>D<\/div>\n<div class=\"produs_dimensiuni_valori\">772<\/div>\n<div><\/div>\n<\/td>\n<td width=\"25%\">\n<div>E<\/div>\n<div class=\"produs_dimensiuni_valori\">24<\/div>\n<div><\/div>\n<\/td>\n<td width=\"25%\">\n<div>F<\/div>\n<div class=\"produs_dimensiuni_valori\">115<\/div>\n<div><\/div>\n<\/td>\n<\/tr>\n<tr>\n<td width=\"25%\">\n<div>H<\/div>\n<div class=\"produs_dimensiuni_valori\">47,5<\/div>\n<div><\/div>\n<\/td>\n<td width=\"25%\">\n<div>J1<\/div>\n<div class=\"produs_dimensiuni_valori\">60<\/div>\n<div><\/div>\n<\/td>\n<td width=\"25%\">\n<div>L<\/div>\n<div class=\"produs_dimensiuni_valori\">260,35<\/div>\n<div><\/div>\n<\/td>\n<td width=\"25%\">\n<div>M\u00ba<\/div>\n<div class=\"produs_dimensiuni_valori\">42<\/div>\n<div><\/div>\n<\/td>\n<\/tr>\n<tr>\n<td width=\"25%\">\n<div>\u00f8Q<\/div>\n<div class=\"produs_dimensiuni_valori\">841<\/div>\n<div><\/div>\n<\/td>\n<td width=\"25%\">\n<div>\u00f8S<\/div>\n<div class=\"produs_dimensiuni_valori\">27,7<\/div>\n<div><\/div>\n<\/td>\n<td width=\"25%\"><\/td>\n<\/tr>\n<\/tbody>\n<\/table>\n<p>VSO110N5<br \/>\nSEGMENTGRUPPE (5 ST\u00dcCK)<br \/>\nPRODUKTMERKMALE:<br \/>\nGewicht: 138,35 kg.<br \/>\nKOMPATIBEL MIT DEN FOLGENDEN FAHRZEUGEN:<br \/>\nCATERPILLAR<br \/>\nD10N 2YD-1-UP, D10N 3SK-1-UP, D1OR 3KR-1-UP, D1OR AKT-1-UP, D10T RJG-1-UP<br \/>\nQUERVERWEIS (URSPR\u00dcNGLICHE CODES):<br \/>\nBERCO<br \/>\nCR5047<br \/>\nCATERPILLAR<br \/>\n112-0510<br \/>\nITM<br \/>\nS01105NOM0O<br \/>\nVPI<br \/>\nVCR5047V<\/p>\n<p><img decoding=\"async\" class=\"alignnone size-full wp-image-699\" src=\"https:\/\/csumachine.com\/wp-content\/uploads\/2025\/09\/5.png\" alt=\"\" width=\"800\" height=\"800\" srcset=\"https:\/\/csumachine.com\/wp-content\/uploads\/2025\/09\/5.png 800w, https:\/\/csumachine.com\/wp-content\/uploads\/2025\/09\/5-300x300.png 300w, https:\/\/csumachine.com\/wp-content\/uploads\/2025\/09\/5-150x150.png 150w, https:\/\/csumachine.com\/wp-content\/uploads\/2025\/09\/5-768x768.png 768w, https:\/\/csumachine.com\/wp-content\/uploads\/2025\/09\/5-600x600.png 600w, https:\/\/csumachine.com\/wp-content\/uploads\/2025\/09\/5-100x100.png 100w\" sizes=\"(max-width: 800px) 100vw, 800px\" \/><\/p>\n<table class=\"all magic-10\" style=\"height: 310px;\" width=\"1484\">\n<tbody>\n<tr>\n<td colspan=\"5\" rowspan=\"1\">\n<div class=\"magic-22\"><b data-spm-anchor-id=\"a2700.details-description.0.i0.5aeaXEOFXEOFOz\">Alle Markenmodelle, die wir liefern<\/b><\/div>\n<\/td>\n<\/tr>\n<tr>\n<td colspan=\"1\" rowspan=\"1\">\n<div class=\"magic-26\"><b>D20<\/b><\/div>\n<\/td>\n<td colspan=\"1\" rowspan=\"1\">\n<div class=\"magic-24\"><b>D3<\/b><\/div>\n<\/td>\n<td colspan=\"1\" rowspan=\"1\">\n<div class=\"magic-24\"><b>D30<\/b><\/div>\n<\/td>\n<td colspan=\"1\" rowspan=\"1\">\n<div class=\"magic-24\"><b>D31<\/b><\/div>\n<\/td>\n<td colspan=\"1\" rowspan=\"1\">\n<div class=\"magic-27\"><b>D3B<\/b><\/div>\n<\/td>\n<\/tr>\n<tr>\n<td colspan=\"1\" rowspan=\"1\">\n<div class=\"magic-26\"><b>D3C<\/b><\/div>\n<\/td>\n<td colspan=\"1\" rowspan=\"1\">\n<div class=\"magic-24\"><b>D37<\/b><\/div>\n<\/td>\n<td colspan=\"1\" rowspan=\"1\">\n<div class=\"magic-24\"><b>D3D<\/b><\/div>\n<\/td>\n<td colspan=\"1\" rowspan=\"1\">\n<div class=\"magic-24\" data-spm-anchor-id=\"a2700.details-description.0.i1.5aeaXEOFXEOFOz\"><b>D4<\/b><\/div>\n<\/td>\n<td colspan=\"1\" rowspan=\"1\">\n<div class=\"magic-27\"><b>D40<\/b><\/div>\n<\/td>\n<\/tr>\n<tr>\n<td colspan=\"1\" rowspan=\"1\">\n<div class=\"magic-26\"><b>D3B<\/b><\/div>\n<\/td>\n<td colspan=\"1\" rowspan=\"1\">\n<div class=\"magic-24\"><b>D4B<\/b><\/div>\n<\/td>\n<td colspan=\"1\" rowspan=\"1\">\n<div class=\"magic-24\"><b>D4C<\/b><\/div>\n<\/td>\n<td colspan=\"1\" rowspan=\"1\">\n<div class=\"magic-24\"><b>D38<\/b><\/div>\n<\/td>\n<td colspan=\"1\" rowspan=\"1\">\n<div class=\"magic-27\"><b>D39<\/b><\/div>\n<\/td>\n<\/tr>\n<tr>\n<td colspan=\"1\" rowspan=\"1\">\n<div class=\"magic-26\"><b>D4D<\/b><\/div>\n<\/td>\n<td colspan=\"1\" rowspan=\"1\">\n<div class=\"magic-24\"><b>D4H<\/b><\/div>\n<\/td>\n<td colspan=\"1\" rowspan=\"1\">\n<div class=\"magic-24\"><b>D41<\/b><\/div>\n<\/td>\n<td colspan=\"1\" rowspan=\"1\">\n<div class=\"magic-24\"><b>D45<\/b><\/div>\n<\/td>\n<td colspan=\"1\" rowspan=\"1\">\n<div class=\"magic-27\"><b>D50\/D5\/D5B<\/b><\/div>\n<\/td>\n<\/tr>\n<tr>\n<td colspan=\"1\" rowspan=\"1\">\n<div class=\"magic-26\"><b>D53\/D57\/D58<\/b><\/div>\n<\/td>\n<td colspan=\"1\" rowspan=\"1\">\n<div class=\"magic-24\"><b>D60\/D65<\/b><\/div>\n<\/td>\n<td colspan=\"1\" rowspan=\"1\">\n<div class=\"magic-24\"><b>D6D\/D6<\/b><\/div>\n<\/td>\n<td colspan=\"1\" rowspan=\"1\">\n<div class=\"magic-24\"><b>D6C<\/b><\/div>\n<\/td>\n<td colspan=\"1\" rowspan=\"1\">\n<div class=\"magic-27\"><b>D6H<\/b><\/div>\n<\/td>\n<\/tr>\n<tr>\n<td colspan=\"1\" rowspan=\"1\">\n<div class=\"magic-26\"><b>D65=D85ESS-2<\/b><\/div>\n<\/td>\n<td colspan=\"1\" rowspan=\"1\">\n<div class=\"magic-24\"><b>D75<\/b><\/div>\n<\/td>\n<td colspan=\"1\" rowspan=\"1\">\n<div class=\"magic-24\"><b>D7G\/D7R\/D7H\/D7<\/b><\/div>\n<\/td>\n<td colspan=\"1\" rowspan=\"1\">\n<div class=\"magic-24\"><b>D80\/D85<\/b><\/div>\n<\/td>\n<td colspan=\"1\" rowspan=\"1\">\n<div class=\"magic-27\"><b>D85A-12<\/b><\/div>\n<\/td>\n<\/tr>\n<tr>\n<td colspan=\"1\" rowspan=\"1\">\n<div class=\"magic-26\"><b>D6R<\/b><\/div>\n<\/td>\n<td colspan=\"1\" rowspan=\"1\">\n<div class=\"magic-24\"><b>D7<\/b><\/div>\n<\/td>\n<td colspan=\"1\" rowspan=\"1\">\n<div class=\"magic-24\"><b>D7C<\/b><\/div>\n<\/td>\n<td colspan=\"1\" rowspan=\"1\">\n<div class=\"magic-24\"><b>D8D<\/b><\/div>\n<\/td>\n<td colspan=\"1\" rowspan=\"1\">\n<div class=\"magic-27\"><b>D8G<\/b><\/div>\n<\/td>\n<\/tr>\n<tr>\n<td colspan=\"1\" rowspan=\"1\">\n<div class=\"magic-26\"><b>D8H<\/b><\/div>\n<\/td>\n<td colspan=\"1\" rowspan=\"1\">\n<div class=\"magic-24\"><b>D9D<\/b><\/div>\n<\/td>\n<td colspan=\"1\" rowspan=\"1\">\n<div class=\"magic-24\"><b>D9E<\/b><\/div>\n<\/td>\n<td colspan=\"1\" rowspan=\"1\">\n<div class=\"magic-24\"><b>D9G<\/b><\/div>\n<\/td>\n<td colspan=\"1\" rowspan=\"1\">\n<div class=\"magic-27\"><b>D9H<\/b><\/div>\n<\/td>\n<\/tr>\n<tr>\n<td colspan=\"1\" rowspan=\"1\">\n<div class=\"magic-26\"><b>D9L<\/b><\/div>\n<\/td>\n<td colspan=\"1\" rowspan=\"1\">\n<div class=\"magic-24\"><b>D9R<\/b><\/div>\n<\/td>\n<td colspan=\"1\" rowspan=\"1\">\n<div class=\"magic-24\"><b>D9T<\/b><\/div>\n<\/td>\n<td colspan=\"1\" rowspan=\"1\">\n<div class=\"magic-24\"><b>D10N<\/b><\/div>\n<\/td>\n<td colspan=\"1\" rowspan=\"1\">\n<div class=\"magic-27\"><b>D10R<\/b><\/div>\n<\/td>\n<\/tr>\n<tr>\n<td colspan=\"1\" rowspan=\"1\">\n<div class=\"magic-26\"><b>D10T<\/b><\/div>\n<\/td>\n<td colspan=\"1\" rowspan=\"1\">\n<div class=\"magic-24\"><b>D11N<\/b><\/div>\n<\/td>\n<td colspan=\"1\" rowspan=\"1\">\n<div class=\"magic-24\"><b>D11R<\/b><\/div>\n<\/td>\n<td colspan=\"1\" rowspan=\"1\">\n<div class=\"magic-24\"><b>D8K<\/b><\/div>\n<\/td>\n<td colspan=\"1\" rowspan=\"1\">\n<div class=\"magic-27\"><b>D8N\/R\/L\/T<\/b><\/div>\n<\/td>\n<\/tr>\n<tr>\n<td colspan=\"1\" rowspan=\"1\">\n<div class=\"magic-26\"><b>D9N<\/b><\/div>\n<\/td>\n<td colspan=\"1\" rowspan=\"1\">\n<div class=\"magic-24\"><b>D85EX-15<\/b><\/div>\n<\/td>\n<td colspan=\"1\" rowspan=\"1\">\n<div class=\"magic-24\"><b>D120<\/b><\/div>\n<\/td>\n<td colspan=\"1\" rowspan=\"1\">\n<div class=\"magic-24\"><b>D125<\/b><\/div>\n<\/td>\n<td colspan=\"1\" rowspan=\"1\">\n<div class=\"magic-27\"><b>D135<\/b><\/div>\n<\/td>\n<\/tr>\n<tr>\n<td colspan=\"1\" rowspan=\"1\">\n<div class=\"magic-26\"><b>D150<\/b><\/div>\n<\/td>\n<td colspan=\"1\" rowspan=\"1\">\n<div class=\"magic-24\"><b>D155<\/b><\/div>\n<\/td>\n<td colspan=\"1\" rowspan=\"1\">\n<div class=\"magic-24\"><b>D275<\/b><\/div>\n<\/td>\n<td colspan=\"1\" rowspan=\"1\">\n<div class=\"magic-24\"><b>D355<\/b><\/div>\n<\/td>\n<td colspan=\"1\" rowspan=\"1\">\n<div class=\"magic-27\"><b>D375<\/b><\/div>\n<\/td>\n<\/tr>\n<\/tbody>\n<\/table>\n<p>&nbsp;<\/p>\n<\/div>","protected":false},"excerpt":{"rendered":"<p>Machinery brand: CATERPILLAR Machinery type: Dozers model: D10N Segment 1 CTHS0110N005 Weight: 27.67 Kg Details: Z 5 Holes Numbers 6 \u00f8A 1046,9 \u00f8B 1058 \u00f8C 950 D 772 E 24 F 115 H 47,5 J1 60 L 260,35 M\u00ba 42 \u00f8Q 841 \u00f8S 27,7 VSO110N5 SEGMENT GROUP (5 PCS) PRODUCT FEATURES: Weight: 138.35 Kg. COMPATIBLE [&hellip;]<\/p>","protected":false},"featured_media":698,"template":"","meta":[],"product_brand":[],"product_cat":[95,98,109,92],"product_tag":[],"class_list":{"0":"post-695","1":"product","2":"type-product","3":"status-publish","4":"has-post-thumbnail","6":"product_cat-all-brand","7":"product_cat-bulldozer","8":"product_cat-caterpillar","9":"product_cat-undercarriage-parts","11":"first","12":"instock","13":"shipping-taxable","14":"product-type-simple"},"yoast_head":"<!-- This site is optimized with the Yoast SEO plugin v25.9 - https:\/\/yoast.com\/wordpress\/plugins\/seo\/ -->\n<title>102-6686 Segment Suit CATERPILLAR D10N Dozers - csumachine.com<\/title>\n<meta name=\"robots\" content=\"index, follow, max-snippet:-1, max-image-preview:large, max-video-preview:-1\" \/>\n<link rel=\"canonical\" href=\"https:\/\/csumachine.com\/de\/product\/102-6686-segment-anzug-raupe-d10n-planierraupen\/\" \/>\n<meta property=\"og:locale\" content=\"de_DE\" \/>\n<meta property=\"og:type\" content=\"article\" \/>\n<meta property=\"og:title\" content=\"102-6686 Segment Suit CATERPILLAR D10N Dozers - csumachine.com\" \/>\n<meta property=\"og:description\" content=\"Machinery brand: CATERPILLAR Machinery type: Dozers model: D10N Segment 1 CTHS0110N005 Weight: 27.67 Kg Details: Z 5 Holes Numbers 6 \u00f8A 1046,9 \u00f8B 1058 \u00f8C 950 D 772 E 24 F 115 H 47,5 J1 60 L 260,35 M\u00ba 42 \u00f8Q 841 \u00f8S 27,7 VSO110N5 SEGMENT GROUP (5 PCS) PRODUCT FEATURES: Weight: 138.35 Kg. COMPATIBLE [&hellip;]\" \/>\n<meta property=\"og:url\" content=\"https:\/\/csumachine.com\/de\/product\/102-6686-segment-anzug-raupe-d10n-planierraupen\/\" \/>\n<meta property=\"og:site_name\" content=\"csumachine.com\" \/>\n<meta property=\"article:modified_time\" content=\"2025-09-22T09:20:55+00:00\" \/>\n<meta property=\"og:image\" content=\"https:\/\/csumachine.com\/wp-content\/uploads\/2025\/09\/D10N-SEGMENT-1.jpg\" \/>\n\t<meta property=\"og:image:width\" content=\"750\" \/>\n\t<meta property=\"og:image:height\" content=\"750\" \/>\n\t<meta property=\"og:image:type\" content=\"image\/jpeg\" \/>\n<meta name=\"twitter:card\" content=\"summary_large_image\" \/>\n<meta name=\"twitter:label1\" content=\"Gesch\u00e4tzte Lesezeit\" \/>\n\t<meta name=\"twitter:data1\" content=\"2\u00a0Minuten\" \/>\n<script type=\"application\/ld+json\" class=\"yoast-schema-graph\">{\"@context\":\"https:\/\/schema.org\",\"@graph\":[{\"@type\":\"WebPage\",\"@id\":\"https:\/\/csumachine.com\/product\/102-6686-segment-suit-caterpillar-d10n-dozers\/\",\"url\":\"https:\/\/csumachine.com\/product\/102-6686-segment-suit-caterpillar-d10n-dozers\/\",\"name\":\"102-6686 Segment Suit CATERPILLAR D10N Dozers - csumachine.com\",\"isPartOf\":{\"@id\":\"https:\/\/csumachine.com\/#website\"},\"primaryImageOfPage\":{\"@id\":\"https:\/\/csumachine.com\/product\/102-6686-segment-suit-caterpillar-d10n-dozers\/#primaryimage\"},\"image\":{\"@id\":\"https:\/\/csumachine.com\/product\/102-6686-segment-suit-caterpillar-d10n-dozers\/#primaryimage\"},\"thumbnailUrl\":\"https:\/\/csumachine.com\/wp-content\/uploads\/2025\/09\/D10N-SEGMENT-1.jpg\",\"datePublished\":\"2025-09-22T09:18:06+00:00\",\"dateModified\":\"2025-09-22T09:20:55+00:00\",\"breadcrumb\":{\"@id\":\"https:\/\/csumachine.com\/product\/102-6686-segment-suit-caterpillar-d10n-dozers\/#breadcrumb\"},\"inLanguage\":\"de\",\"potentialAction\":[{\"@type\":\"ReadAction\",\"target\":[\"https:\/\/csumachine.com\/product\/102-6686-segment-suit-caterpillar-d10n-dozers\/\"]}]},{\"@type\":\"ImageObject\",\"inLanguage\":\"de\",\"@id\":\"https:\/\/csumachine.com\/product\/102-6686-segment-suit-caterpillar-d10n-dozers\/#primaryimage\",\"url\":\"https:\/\/csumachine.com\/wp-content\/uploads\/2025\/09\/D10N-SEGMENT-1.jpg\",\"contentUrl\":\"https:\/\/csumachine.com\/wp-content\/uploads\/2025\/09\/D10N-SEGMENT-1.jpg\",\"width\":750,\"height\":750},{\"@type\":\"BreadcrumbList\",\"@id\":\"https:\/\/csumachine.com\/product\/102-6686-segment-suit-caterpillar-d10n-dozers\/#breadcrumb\",\"itemListElement\":[{\"@type\":\"ListItem\",\"position\":1,\"name\":\"HOME\",\"item\":\"https:\/\/csumachine.com\/\"},{\"@type\":\"ListItem\",\"position\":2,\"name\":\"\u4ea7\u54c1\",\"item\":\"https:\/\/csumachine.com\/shop__trashed\/\"},{\"@type\":\"ListItem\",\"position\":3,\"name\":\"102-6686 Segment Suit CATERPILLAR D10N Dozers\"}]},{\"@type\":\"WebSite\",\"@id\":\"https:\/\/csumachine.com\/#website\",\"url\":\"https:\/\/csumachine.com\/\",\"name\":\"csumachine.com\",\"description\":\"\",\"publisher\":{\"@id\":\"https:\/\/csumachine.com\/#organization\"},\"potentialAction\":[{\"@type\":\"SearchAction\",\"target\":{\"@type\":\"EntryPoint\",\"urlTemplate\":\"https:\/\/csumachine.com\/?s={search_term_string}\"},\"query-input\":{\"@type\":\"PropertyValueSpecification\",\"valueRequired\":true,\"valueName\":\"search_term_string\"}}],\"inLanguage\":\"de\"},{\"@type\":\"Organization\",\"@id\":\"https:\/\/csumachine.com\/#organization\",\"name\":\"csumachine.com\",\"url\":\"https:\/\/csumachine.com\/\",\"logo\":{\"@type\":\"ImageObject\",\"inLanguage\":\"de\",\"@id\":\"https:\/\/csumachine.com\/#\/schema\/logo\/image\/\",\"url\":\"https:\/\/csumachine.com\/wp-content\/uploads\/2025\/09\/logo03.jpg\",\"contentUrl\":\"https:\/\/csumachine.com\/wp-content\/uploads\/2025\/09\/logo03.jpg\",\"width\":148,\"height\":100,\"caption\":\"csumachine.com\"},\"image\":{\"@id\":\"https:\/\/csumachine.com\/#\/schema\/logo\/image\/\"}}]}<\/script>\n<!-- \/ Yoast SEO plugin. -->","yoast_head_json":{"title":"102-6686 Segment Anzug CATERPILLAR D10N Planierraupen - csumachine.com","robots":{"index":"index","follow":"follow","max-snippet":"max-snippet:-1","max-image-preview":"max-image-preview:large","max-video-preview":"max-video-preview:-1"},"canonical":"https:\/\/csumachine.com\/de\/product\/102-6686-segment-anzug-raupe-d10n-planierraupen\/","og_locale":"de_DE","og_type":"article","og_title":"102-6686 Segment Suit CATERPILLAR D10N Dozers - csumachine.com","og_description":"Machinery brand: CATERPILLAR Machinery type: Dozers model: D10N Segment 1 CTHS0110N005 Weight: 27.67 Kg Details: Z 5 Holes Numbers 6 \u00f8A 1046,9 \u00f8B 1058 \u00f8C 950 D 772 E 24 F 115 H 47,5 J1 60 L 260,35 M\u00ba 42 \u00f8Q 841 \u00f8S 27,7 VSO110N5 SEGMENT GROUP (5 PCS) PRODUCT FEATURES: Weight: 138.35 Kg. COMPATIBLE [&hellip;]","og_url":"https:\/\/csumachine.com\/de\/product\/102-6686-segment-anzug-raupe-d10n-planierraupen\/","og_site_name":"csumachine.com","article_modified_time":"2025-09-22T09:20:55+00:00","og_image":[{"width":750,"height":750,"url":"https:\/\/csumachine.com\/wp-content\/uploads\/2025\/09\/D10N-SEGMENT-1.jpg","type":"image\/jpeg"}],"twitter_card":"summary_large_image","twitter_misc":{"Gesch\u00e4tzte Lesezeit":"2\u00a0Minuten"},"schema":{"@context":"https:\/\/schema.org","@graph":[{"@type":"WebPage","@id":"https:\/\/csumachine.com\/product\/102-6686-segment-suit-caterpillar-d10n-dozers\/","url":"https:\/\/csumachine.com\/product\/102-6686-segment-suit-caterpillar-d10n-dozers\/","name":"102-6686 Segment Anzug CATERPILLAR D10N Planierraupen - csumachine.com","isPartOf":{"@id":"https:\/\/csumachine.com\/#website"},"primaryImageOfPage":{"@id":"https:\/\/csumachine.com\/product\/102-6686-segment-suit-caterpillar-d10n-dozers\/#primaryimage"},"image":{"@id":"https:\/\/csumachine.com\/product\/102-6686-segment-suit-caterpillar-d10n-dozers\/#primaryimage"},"thumbnailUrl":"https:\/\/csumachine.com\/wp-content\/uploads\/2025\/09\/D10N-SEGMENT-1.jpg","datePublished":"2025-09-22T09:18:06+00:00","dateModified":"2025-09-22T09:20:55+00:00","breadcrumb":{"@id":"https:\/\/csumachine.com\/product\/102-6686-segment-suit-caterpillar-d10n-dozers\/#breadcrumb"},"inLanguage":"de","potentialAction":[{"@type":"ReadAction","target":["https:\/\/csumachine.com\/product\/102-6686-segment-suit-caterpillar-d10n-dozers\/"]}]},{"@type":"ImageObject","inLanguage":"de","@id":"https:\/\/csumachine.com\/product\/102-6686-segment-suit-caterpillar-d10n-dozers\/#primaryimage","url":"https:\/\/csumachine.com\/wp-content\/uploads\/2025\/09\/D10N-SEGMENT-1.jpg","contentUrl":"https:\/\/csumachine.com\/wp-content\/uploads\/2025\/09\/D10N-SEGMENT-1.jpg","width":750,"height":750},{"@type":"BreadcrumbList","@id":"https:\/\/csumachine.com\/product\/102-6686-segment-suit-caterpillar-d10n-dozers\/#breadcrumb","itemListElement":[{"@type":"ListItem","position":1,"name":"HOME","item":"https:\/\/csumachine.com\/"},{"@type":"ListItem","position":2,"name":"\u4ea7\u54c1","item":"https:\/\/csumachine.com\/shop__trashed\/"},{"@type":"ListItem","position":3,"name":"102-6686 Segment Suit CATERPILLAR D10N Dozers"}]},{"@type":"WebSite","@id":"https:\/\/csumachine.com\/#website","url":"https:\/\/csumachine.com\/","name":"csumachine.com","description":"","publisher":{"@id":"https:\/\/csumachine.com\/#organization"},"potentialAction":[{"@type":"SearchAction","target":{"@type":"EntryPoint","urlTemplate":"https:\/\/csumachine.com\/?s={search_term_string}"},"query-input":{"@type":"PropertyValueSpecification","valueRequired":true,"valueName":"search_term_string"}}],"inLanguage":"de"},{"@type":"Organization","@id":"https:\/\/csumachine.com\/#organization","name":"csumachine.com","url":"https:\/\/csumachine.com\/","logo":{"@type":"ImageObject","inLanguage":"de","@id":"https:\/\/csumachine.com\/#\/schema\/logo\/image\/","url":"https:\/\/csumachine.com\/wp-content\/uploads\/2025\/09\/logo03.jpg","contentUrl":"https:\/\/csumachine.com\/wp-content\/uploads\/2025\/09\/logo03.jpg","width":148,"height":100,"caption":"csumachine.com"},"image":{"@id":"https:\/\/csumachine.com\/#\/schema\/logo\/image\/"}}]}},"_links":{"self":[{"href":"https:\/\/csumachine.com\/de\/wp-json\/wp\/v2\/product\/695","targetHints":{"allow":["GET"]}}],"collection":[{"href":"https:\/\/csumachine.com\/de\/wp-json\/wp\/v2\/product"}],"about":[{"href":"https:\/\/csumachine.com\/de\/wp-json\/wp\/v2\/types\/product"}],"wp:featuredmedia":[{"embeddable":true,"href":"https:\/\/csumachine.com\/de\/wp-json\/wp\/v2\/media\/698"}],"wp:attachment":[{"href":"https:\/\/csumachine.com\/de\/wp-json\/wp\/v2\/media?parent=695"}],"wp:term":[{"taxonomy":"product_brand","embeddable":true,"href":"https:\/\/csumachine.com\/de\/wp-json\/wp\/v2\/product_brand?post=695"},{"taxonomy":"product_cat","embeddable":true,"href":"https:\/\/csumachine.com\/de\/wp-json\/wp\/v2\/product_cat?post=695"},{"taxonomy":"product_tag","embeddable":true,"href":"https:\/\/csumachine.com\/de\/wp-json\/wp\/v2\/product_tag?post=695"}],"curies":[{"name":"wp","href":"https:\/\/api.w.org\/{rel}","templated":true}]}}